{"id":2377,"date":"2025-12-15T02:29:58","date_gmt":"2025-12-15T02:29:58","guid":{"rendered":"https:\/\/basreinigung.at\/?page_id=2377"},"modified":"2026-04-19T11:49:31","modified_gmt":"2026-04-19T11:49:31","slug":"unsere-leistungen","status":"publish","type":"page","link":"https:\/\/basreinigung.at\/?page_id=2377","title":{"rendered":"Unsere Leistungen"},"content":{"rendered":"\t\t<div data-elementor-type=\"wp-page\" data-elementor-id=\"2377\" class=\"elementor elementor-2377\">\n\t\t\t\t<div class=\"elementor-element elementor-element-7982753 e-flex e-con-boxed e-con e-parent\" data-id=\"7982753\" data-element_type=\"container\" data-e-type=\"container\" data-settings=\"{&quot;background_background&quot;:&quot;classic&quot;}\">\n\t\t\t\t\t<div class=\"e-con-inner\">\n\t\t<div class=\"elementor-element elementor-element-22dbb53 e-con-full e-flex e-con e-child\" data-id=\"22dbb53\" data-element_type=\"container\" data-e-type=\"container\" data-settings=\"{&quot;background_background&quot;:&quot;classic&quot;}\">\n\t\t\t\t<div class=\"elementor-element elementor-element-36cab49 elementor-widget elementor-widget-heading\" data-id=\"36cab49\" data-element_type=\"widget\" data-e-type=\"widget\" data-widget_type=\"heading.default\">\n\t\t\t\t\t<h2 class=\"elementor-heading-title elementor-size-default\">Unsere Leistungen\n<\/h2>\t\t\t\t<\/div>\n\t\t\t\t<\/div>\n\t\t<div class=\"elementor-element elementor-element-101eca9 e-con-full e-flex e-con e-child\" data-id=\"101eca9\" data-element_type=\"container\" data-e-type=\"container\" data-settings=\"{&quot;background_background&quot;:&quot;classic&quot;}\">\n\t\t<div class=\"elementor-element elementor-element-2708142 e-flex e-con-boxed e-con e-child\" data-id=\"2708142\" data-element_type=\"container\" data-e-type=\"container\">\n\t\t\t\t\t<div class=\"e-con-inner\">\n\t\t<div class=\"elementor-element elementor-element-f4a75d8 e-con-full e-flex e-con e-child\" data-id=\"f4a75d8\" data-element_type=\"container\" data-e-type=\"container\" data-settings=\"{&quot;background_background&quot;:&quot;classic&quot;}\">\n\t\t\t\t<div class=\"elementor-element elementor-element-cd47b03 elementor-widget elementor-widget-heading\" data-id=\"cd47b03\" data-element_type=\"widget\" data-e-type=\"widget\" data-widget_type=\"heading.default\">\n\t\t\t\t\t<h2 class=\"elementor-heading-title elementor-size-default\">Haben Sie noch Fragen?<\/h2>\t\t\t\t<\/div>\n\t\t<div class=\"elementor-element elementor-element-d43b51d e-con-full e-flex e-con e-child\" data-id=\"d43b51d\" data-element_type=\"container\" data-e-type=\"container\">\n\t\t\t\t<div class=\"elementor-element elementor-element-7d566cc elementor-view-default elementor-widget elementor-widget-icon\" data-id=\"7d566cc\" data-element_type=\"widget\" data-e-type=\"widget\" data-widget_type=\"icon.default\">\n\t\t\t\t\t\t\t<div class=\"elementor-icon-wrapper\">\n\t\t\t<div class=\"elementor-icon\">\n\t\t\t<svg aria-hidden=\"true\" class=\"e-font-icon-svg e-fas-phone-alt\" viewBox=\"0 0 512 512\" xmlns=\"http:\/\/www.w3.org\/2000\/svg\"><path d=\"M497.39 361.8l-112-48a24 24 0 0 0-28 6.9l-49.6 60.6A370.66 370.66 0 0 1 130.6 204.11l60.6-49.6a23.94 23.94 0 0 0 6.9-28l-48-112A24.16 24.16 0 0 0 122.6.61l-104 24A24 24 0 0 0 0 48c0 256.5 207.9 464 464 464a24 24 0 0 0 23.4-18.6l24-104a24.29 24.29 0 0 0-14.01-27.6z\"><\/path><\/svg>\t\t\t<\/div>\n\t\t<\/div>\n\t\t\t\t\t\t<\/div>\n\t\t\t\t<div class=\"elementor-element elementor-element-7b3aaba elementor-widget elementor-widget-heading\" data-id=\"7b3aaba\" data-element_type=\"widget\" data-e-type=\"widget\" data-widget_type=\"heading.default\">\n\t\t\t\t\t<h2 class=\"elementor-heading-title elementor-size-default\">+43 664 1334721<\/h2>\t\t\t\t<\/div>\n\t\t\t\t<\/div>\n\t\t\t\t<\/div>\n\t\t<div class=\"elementor-element elementor-element-c93f039 e-con-full e-flex e-con e-child\" data-id=\"c93f039\" data-element_type=\"container\" data-e-type=\"container\" data-settings=\"{&quot;background_background&quot;:&quot;classic&quot;}\">\n\t\t\t\t<div class=\"elementor-element elementor-element-bb77561 elementor-widget elementor-widget-heading\" data-id=\"bb77561\" data-element_type=\"widget\" data-e-type=\"widget\" data-widget_type=\"heading.default\">\n\t\t\t\t\t<h2 class=\"elementor-heading-title elementor-size-default\">Arbeitszeit<\/h2>\t\t\t\t<\/div>\n\t\t<div class=\"elementor-element elementor-element-e44d872 e-con-full e-flex e-con e-child\" data-id=\"e44d872\" data-element_type=\"container\" data-e-type=\"container\">\n\t\t\t\t<div class=\"elementor-element elementor-element-6991e46 elementor-view-default elementor-widget elementor-widget-icon\" data-id=\"6991e46\" data-element_type=\"widget\" data-e-type=\"widget\" data-widget_type=\"icon.default\">\n\t\t\t\t\t\t\t<div class=\"elementor-icon-wrapper\">\n\t\t\t<div class=\"elementor-icon\">\n\t\t\t<svg aria-hidden=\"true\" class=\"e-font-icon-svg e-fas-clock\" viewBox=\"0 0 512 512\" xmlns=\"http:\/\/www.w3.org\/2000\/svg\"><path d=\"M256,8C119,8,8,119,8,256S119,504,256,504,504,393,504,256,393,8,256,8Zm92.49,313h0l-20,25a16,16,0,0,1-22.49,2.5h0l-67-49.72a40,40,0,0,1-15-31.23V112a16,16,0,0,1,16-16h32a16,16,0,0,1,16,16V256l58,42.5A16,16,0,0,1,348.49,321Z\"><\/path><\/svg>\t\t\t<\/div>\n\t\t<\/div>\n\t\t\t\t\t\t<\/div>\n\t\t\t\t<div class=\"elementor-element elementor-element-1a4fc52 elementor-widget elementor-widget-heading\" data-id=\"1a4fc52\" data-element_type=\"widget\" data-e-type=\"widget\" data-widget_type=\"heading.default\">\n\t\t\t\t\t<h2 class=\"elementor-heading-title elementor-size-default\">Mon - Fri 08:00 - 17:00<\/h2>\t\t\t\t<\/div>\n\t\t\t\t<\/div>\n\t\t\t\t<\/div>\n\t\t<div class=\"elementor-element elementor-element-3ffd709 e-con-full e-flex e-con e-child\" data-id=\"3ffd709\" data-element_type=\"container\" data-e-type=\"container\" data-settings=\"{&quot;background_background&quot;:&quot;classic&quot;}\">\n\t\t\t\t<div class=\"elementor-element elementor-element-f1bd99a elementor-widget elementor-widget-heading\" data-id=\"f1bd99a\" data-element_type=\"widget\" data-e-type=\"widget\" data-widget_type=\"heading.default\">\n\t\t\t\t\t<h2 class=\"elementor-heading-title elementor-size-default\">Bestellung per Post<\/h2>\t\t\t\t<\/div>\n\t\t<div class=\"elementor-element elementor-element-b1df20f e-con-full e-flex e-con e-child\" data-id=\"b1df20f\" data-element_type=\"container\" data-e-type=\"container\">\n\t\t\t\t<div class=\"elementor-element elementor-element-a49bffc elementor-view-default elementor-widget elementor-widget-icon\" data-id=\"a49bffc\" data-element_type=\"widget\" data-e-type=\"widget\" data-widget_type=\"icon.default\">\n\t\t\t\t\t\t\t<div class=\"elementor-icon-wrapper\">\n\t\t\t<div class=\"elementor-icon\">\n\t\t\t<svg aria-hidden=\"true\" class=\"e-font-icon-svg e-fas-envelope\" viewBox=\"0 0 512 512\" xmlns=\"http:\/\/www.w3.org\/2000\/svg\"><path d=\"M502.3 190.8c3.9-3.1 9.7-.2 9.7 4.7V400c0 26.5-21.5 48-48 48H48c-26.5 0-48-21.5-48-48V195.6c0-5 5.7-7.8 9.7-4.7 22.4 17.4 52.1 39.5 154.1 113.6 21.1 15.4 56.7 47.8 92.2 47.6 35.7.3 72-32.8 92.3-47.6 102-74.1 131.6-96.3 154-113.7zM256 320c23.2.4 56.6-29.2 73.4-41.4 132.7-96.3 142.8-104.7 173.4-128.7 5.8-4.5 9.2-11.5 9.2-18.9v-19c0-26.5-21.5-48-48-48H48C21.5 64 0 85.5 0 112v19c0 7.4 3.4 14.3 9.2 18.9 30.6 23.9 40.7 32.4 173.4 128.7 16.8 12.2 50.2 41.8 73.4 41.4z\"><\/path><\/svg>\t\t\t<\/div>\n\t\t<\/div>\n\t\t\t\t\t\t<\/div>\n\t\t\t\t<div class=\"elementor-element elementor-element-af7e8d7 elementor-widget elementor-widget-heading\" data-id=\"af7e8d7\" data-element_type=\"widget\" data-e-type=\"widget\" data-widget_type=\"heading.default\">\n\t\t\t\t\t<h2 class=\"elementor-heading-title elementor-size-default\">bascleandep@gmail.com<\/h2>\t\t\t\t<\/div>\n\t\t\t\t<\/div>\n\t\t\t\t<\/div>\n\t\t\t\t\t<\/div>\n\t\t\t\t<\/div>\n\t\t\t\t<\/div>\n\t\t\t\t\t<\/div>\n\t\t\t\t<\/div>\n\t\t<div class=\"elementor-element elementor-element-7107587 e-flex e-con-boxed e-con e-parent\" data-id=\"7107587\" data-element_type=\"container\" data-e-type=\"container\">\n\t\t\t\t\t<div class=\"e-con-inner\">\n\t\t\t\t<div class=\"elementor-element elementor-element-7793b20 elementor-widget elementor-widget-heading\" data-id=\"7793b20\" data-element_type=\"widget\" data-e-type=\"widget\" data-widget_type=\"heading.default\">\n\t\t\t\t\t<h2 class=\"elementor-heading-title elementor-size-default\"> Professionelle &amp; Zuverl\u00e4ssige Reinigung<\/h2>\t\t\t\t<\/div>\n\t\t\t\t<div class=\"elementor-element elementor-element-ed800af elementor-widget elementor-widget-text-editor\" data-id=\"ed800af\" data-element_type=\"widget\" data-e-type=\"widget\" data-widget_type=\"text-editor.default\">\n\t\t\t\t\t\t\t\t\t<p>Bas Deep Clean bietet hochwertige Reinigungsservices f\u00fcr private Haushalte und gewerbliche Bereiche. Wir analysieren jeden Raum individuell, erstellen den idealen Reinigungsplan und setzen ihn mit gr\u00f6\u00dfter Sorgfalt um.<\/p>\t\t\t\t\t\t\t\t<\/div>\n\t\t<div class=\"elementor-element elementor-element-70ed87e e-con-full e-flex e-con e-child\" data-id=\"70ed87e\" data-element_type=\"container\" data-e-type=\"container\">\n\t\t<div class=\"elementor-element elementor-element-a900e49 e-con-full e-flex e-con e-child\" data-id=\"a900e49\" data-element_type=\"container\" data-e-type=\"container\">\n\t\t<div class=\"elementor-element elementor-element-b400b68 e-con-full e-flex e-con e-child\" data-id=\"b400b68\" data-element_type=\"container\" data-e-type=\"container\" data-settings=\"{&quot;background_background&quot;:&quot;classic&quot;}\">\n\t\t\t\t<\/div>\n\t\t<div class=\"elementor-element elementor-element-9df0405 e-con-full e-flex e-con e-child\" data-id=\"9df0405\" data-element_type=\"container\" data-e-type=\"container\" data-settings=\"{&quot;background_background&quot;:&quot;classic&quot;}\">\n\t\t\t\t<div class=\"elementor-element elementor-element-2fddafa elementor-widget elementor-widget-heading\" data-id=\"2fddafa\" data-element_type=\"widget\" data-e-type=\"widget\" data-widget_type=\"heading.default\">\n\t\t\t\t\t<h2 class=\"elementor-heading-title elementor-size-default\">Allgemeine &amp; <br>\nGewerbliche Reinigung<\/h2>\t\t\t\t<\/div>\n\t\t\t\t<div class=\"elementor-element elementor-element-41ba4e5 elementor-align-center elementor-widget elementor-widget-button\" data-id=\"41ba4e5\" data-element_type=\"widget\" data-e-type=\"widget\" data-widget_type=\"button.default\">\n\t\t\t\t\t\t\t\t\t\t<a class=\"elementor-button elementor-button-link elementor-size-sm\" href=\"https:\/\/basreinigung.at\/?page_id=2448\">\n\t\t\t\t\t\t<span class=\"elementor-button-content-wrapper\">\n\t\t\t\t\t\t\t\t\t<span class=\"elementor-button-text\">Mehr<\/span>\n\t\t\t\t\t<\/span>\n\t\t\t\t\t<\/a>\n\t\t\t\t\t\t\t\t<\/div>\n\t\t\t\t<\/div>\n\t\t\t\t<\/div>\n\t\t<div class=\"elementor-element elementor-element-c371881 e-con-full e-flex e-con e-child\" data-id=\"c371881\" data-element_type=\"container\" data-e-type=\"container\">\n\t\t<div class=\"elementor-element elementor-element-c18412d e-con-full e-flex e-con e-child\" data-id=\"c18412d\" data-element_type=\"container\" data-e-type=\"container\" data-settings=\"{&quot;background_background&quot;:&quot;classic&quot;}\">\n\t\t\t\t<\/div>\n\t\t<div class=\"elementor-element elementor-element-4196108 e-con-full e-flex e-con e-child\" data-id=\"4196108\" data-element_type=\"container\" data-e-type=\"container\" data-settings=\"{&quot;background_background&quot;:&quot;classic&quot;}\">\n\t\t\t\t<div class=\"elementor-element elementor-element-1954313 elementor-widget elementor-widget-heading\" data-id=\"1954313\" data-element_type=\"widget\" data-e-type=\"widget\" data-widget_type=\"heading.default\">\n\t\t\t\t\t<h2 class=\"elementor-heading-title elementor-size-default\">Geb\u00e4ude-&amp; <br>\nBaureinigung<\/h2>\t\t\t\t<\/div>\n\t\t\t\t<div class=\"elementor-element elementor-element-e515a64 elementor-align-center elementor-widget elementor-widget-button\" data-id=\"e515a64\" data-element_type=\"widget\" data-e-type=\"widget\" data-widget_type=\"button.default\">\n\t\t\t\t\t\t\t\t\t\t<a class=\"elementor-button elementor-button-link elementor-size-sm\" href=\"https:\/\/basreinigung.at\/?page_id=2454\">\n\t\t\t\t\t\t<span class=\"elementor-button-content-wrapper\">\n\t\t\t\t\t\t\t\t\t<span class=\"elementor-button-text\">Mehr<\/span>\n\t\t\t\t\t<\/span>\n\t\t\t\t\t<\/a>\n\t\t\t\t\t\t\t\t<\/div>\n\t\t\t\t<\/div>\n\t\t\t\t<\/div>\n\t\t<div class=\"elementor-element elementor-element-d3c9ebf e-con-full e-flex e-con e-child\" data-id=\"d3c9ebf\" data-element_type=\"container\" data-e-type=\"container\">\n\t\t<div class=\"elementor-element elementor-element-051f5b1 e-con-full e-flex e-con e-child\" data-id=\"051f5b1\" data-element_type=\"container\" data-e-type=\"container\" data-settings=\"{&quot;background_background&quot;:&quot;classic&quot;}\">\n\t\t\t\t<\/div>\n\t\t<div class=\"elementor-element elementor-element-f0eb6c4 e-con-full e-flex e-con e-child\" data-id=\"f0eb6c4\" data-element_type=\"container\" data-e-type=\"container\" data-settings=\"{&quot;background_background&quot;:&quot;classic&quot;}\">\n\t\t\t\t<div class=\"elementor-element elementor-element-6fbac13 elementor-widget elementor-widget-heading\" data-id=\"6fbac13\" data-element_type=\"widget\" data-e-type=\"widget\" data-widget_type=\"heading.default\">\n\t\t\t\t\t<h2 class=\"elementor-heading-title elementor-size-default\">Privathaushalt &amp; <br>Wohnungsreinigung<\/h2>\t\t\t\t<\/div>\n\t\t\t\t<div class=\"elementor-element elementor-element-e0c41e9 elementor-align-center elementor-widget elementor-widget-button\" data-id=\"e0c41e9\" data-element_type=\"widget\" data-e-type=\"widget\" data-widget_type=\"button.default\">\n\t\t\t\t\t\t\t\t\t\t<a class=\"elementor-button elementor-button-link elementor-size-sm\" href=\"https:\/\/basreinigung.at\/?page_id=2487\">\n\t\t\t\t\t\t<span class=\"elementor-button-content-wrapper\">\n\t\t\t\t\t\t\t\t\t<span class=\"elementor-button-text\">Mehr<\/span>\n\t\t\t\t\t<\/span>\n\t\t\t\t\t<\/a>\n\t\t\t\t\t\t\t\t<\/div>\n\t\t\t\t<\/div>\n\t\t\t\t<\/div>\n\t\t<div class=\"elementor-element elementor-element-c483ba4 e-con-full e-flex e-con e-child\" data-id=\"c483ba4\" data-element_type=\"container\" data-e-type=\"container\">\n\t\t<div class=\"elementor-element elementor-element-7128609 e-con-full e-flex e-con e-child\" data-id=\"7128609\" data-element_type=\"container\" data-e-type=\"container\" data-settings=\"{&quot;background_background&quot;:&quot;classic&quot;}\">\n\t\t\t\t<\/div>\n\t\t<div class=\"elementor-element elementor-element-3c8f351 e-con-full e-flex e-con e-child\" data-id=\"3c8f351\" data-element_type=\"container\" data-e-type=\"container\" data-settings=\"{&quot;background_background&quot;:&quot;classic&quot;}\">\n\t\t\t\t<div class=\"elementor-element elementor-element-738b767 elementor-widget elementor-widget-heading\" data-id=\"738b767\" data-element_type=\"widget\" data-e-type=\"widget\" data-widget_type=\"heading.default\">\n\t\t\t\t\t<h2 class=\"elementor-heading-title elementor-size-default\">Spezielle \nReinigungsservices<\/h2>\t\t\t\t<\/div>\n\t\t\t\t<div class=\"elementor-element elementor-element-3650113 elementor-align-center elementor-widget elementor-widget-button\" data-id=\"3650113\" data-element_type=\"widget\" data-e-type=\"widget\" data-widget_type=\"button.default\">\n\t\t\t\t\t\t\t\t\t\t<a class=\"elementor-button elementor-button-link elementor-size-sm\" href=\"https:\/\/basreinigung.at\/?page_id=2496\">\n\t\t\t\t\t\t<span class=\"elementor-button-content-wrapper\">\n\t\t\t\t\t\t\t\t\t<span class=\"elementor-button-text\">Mehr<\/span>\n\t\t\t\t\t<\/span>\n\t\t\t\t\t<\/a>\n\t\t\t\t\t\t\t\t<\/div>\n\t\t\t\t<\/div>\n\t\t\t\t<\/div>\n\t\t<div class=\"elementor-element elementor-element-26ecc8d e-con-full e-flex e-con e-child\" data-id=\"26ecc8d\" data-element_type=\"container\" data-e-type=\"container\">\n\t\t<div class=\"elementor-element elementor-element-2b55a05 e-con-full e-flex e-con e-child\" data-id=\"2b55a05\" data-element_type=\"container\" data-e-type=\"container\" data-settings=\"{&quot;background_background&quot;:&quot;classic&quot;}\">\n\t\t\t\t<\/div>\n\t\t<div class=\"elementor-element elementor-element-3524487 e-con-full e-flex e-con e-child\" data-id=\"3524487\" data-element_type=\"container\" data-e-type=\"container\" data-settings=\"{&quot;background_background&quot;:&quot;classic&quot;}\">\n\t\t\t\t<div class=\"elementor-element elementor-element-bbc9d74 elementor-widget elementor-widget-heading\" data-id=\"bbc9d74\" data-element_type=\"widget\" data-e-type=\"widget\" data-widget_type=\"heading.default\">\n\t\t\t\t\t<h2 class=\"elementor-heading-title elementor-size-default\">Winterdienst<\/h2>\t\t\t\t<\/div>\n\t\t\t\t<div class=\"elementor-element elementor-element-77bb7f3 elementor-align-center elementor-widget elementor-widget-button\" data-id=\"77bb7f3\" data-element_type=\"widget\" data-e-type=\"widget\" data-widget_type=\"button.default\">\n\t\t\t\t\t\t\t\t\t\t<a class=\"elementor-button elementor-button-link elementor-size-sm\" href=\"https:\/\/basreinigung.at\/?page_id=2501\">\n\t\t\t\t\t\t<span class=\"elementor-button-content-wrapper\">\n\t\t\t\t\t\t\t\t\t<span class=\"elementor-button-text\">Mehr<\/span>\n\t\t\t\t\t<\/span>\n\t\t\t\t\t<\/a>\n\t\t\t\t\t\t\t\t<\/div>\n\t\t\t\t<\/div>\n\t\t\t\t<\/div>\n\t\t<div class=\"elementor-element elementor-element-3d1b4e7 e-con-full e-flex e-con e-child\" data-id=\"3d1b4e7\" data-element_type=\"container\" data-e-type=\"container\">\n\t\t<div class=\"elementor-element elementor-element-05b1cb0 e-con-full e-flex e-con e-child\" data-id=\"05b1cb0\" data-element_type=\"container\" data-e-type=\"container\" data-settings=\"{&quot;background_background&quot;:&quot;classic&quot;}\">\n\t\t\t\t<\/div>\n\t\t<div class=\"elementor-element elementor-element-84e8b57 e-con-full e-flex e-con e-child\" data-id=\"84e8b57\" data-element_type=\"container\" data-e-type=\"container\" data-settings=\"{&quot;background_background&quot;:&quot;classic&quot;}\">\n\t\t\t\t<div class=\"elementor-element elementor-element-c3a4928 elementor-widget elementor-widget-heading\" data-id=\"c3a4928\" data-element_type=\"widget\" data-e-type=\"widget\" data-widget_type=\"heading.default\">\n\t\t\t\t\t<h2 class=\"elementor-heading-title elementor-size-default\">Nachhaltige \nReinigung<\/h2>\t\t\t\t<\/div>\n\t\t\t\t<div class=\"elementor-element elementor-element-04b37cf elementor-align-center elementor-widget elementor-widget-button\" data-id=\"04b37cf\" data-element_type=\"widget\" data-e-type=\"widget\" data-widget_type=\"button.default\">\n\t\t\t\t\t\t\t\t\t\t<a class=\"elementor-button elementor-button-link elementor-size-sm\" href=\"https:\/\/basreinigung.at\/?page_id=2508\">\n\t\t\t\t\t\t<span class=\"elementor-button-content-wrapper\">\n\t\t\t\t\t\t\t\t\t<span class=\"elementor-button-text\">Mehr<\/span>\n\t\t\t\t\t<\/span>\n\t\t\t\t\t<\/a>\n\t\t\t\t\t\t\t\t<\/div>\n\t\t\t\t<\/div>\n\t\t\t\t<\/div>\n\t\t\t\t<\/div>\n\t\t\t\t\t<\/div>\n\t\t\t\t<\/div>\n\t\t\t\t<\/div>\n\t\t","protected":false},"excerpt":{"rendered":"<p>Unsere Leistungen Haben Sie noch Fragen? +43 664 1334721 Arbeitszeit Mon &#8211; Fri 08:00 &#8211; 17:00 Bestellung per Post bascleandep@gmail.com Professionelle &amp; Zuverl\u00e4ssige Reinigung Bas Deep Clean bietet hochwertige Reinigungsservices f\u00fcr private Haushalte und gewerbliche Bereiche. Wir analysieren jeden Raum individuell, erstellen den idealen Reinigungsplan und setzen ihn mit gr\u00f6\u00dfter Sorgfalt um. Allgemeine &amp; Gewerbliche [&hellip;]<\/p>\n","protected":false},"author":1,"featured_media":0,"parent":0,"menu_order":0,"comment_status":"closed","ping_status":"closed","template":"elementor_header_footer","meta":{"footnotes":""},"class_list":["post-2377","page","type-page","status-publish","hentry"],"yoast_head":"<!-- This site is optimized with the Yoast SEO plugin v27.4 - https:\/\/yoast.com\/product\/yoast-seo-wordpress\/ -->\n<title>Unsere Leistungen | Umfassende Reinigungsservices in Graz<\/title>\n<meta name=\"description\" content=\"Von der B\u00fcroreinigung bis zum Winterdienst: Entdecken Sie unsere vielf\u00e4ltigen Reinigungsservices f\u00fcr Privat- und Gewerbekunden in Graz und Umgebung.\" \/>\n<meta name=\"robots\" content=\"index, follow, max-snippet:-1, max-image-preview:large, max-video-preview:-1\" \/>\n<link rel=\"canonical\" href=\"https:\/\/basreinigung.at\/?page_id=2377\" \/>\n<meta property=\"og:locale\" content=\"en_US\" \/>\n<meta property=\"og:type\" content=\"article\" \/>\n<meta property=\"og:title\" content=\"Unsere Leistungen | Umfassende Reinigungsservices in Graz\" \/>\n<meta property=\"og:description\" content=\"Von der B\u00fcroreinigung bis zum Winterdienst: Entdecken Sie unsere vielf\u00e4ltigen Reinigungsservices f\u00fcr Privat- und Gewerbekunden in Graz und Umgebung.\" \/>\n<meta property=\"og:url\" content=\"https:\/\/basreinigung.at\/?page_id=2377\" \/>\n<meta property=\"og:site_name\" content=\"basreinigung.at\" \/>\n<meta property=\"article:modified_time\" content=\"2026-04-19T11:49:31+00:00\" \/>\n<meta name=\"twitter:card\" content=\"summary_large_image\" \/>\n<meta name=\"twitter:label1\" content=\"Est. reading time\" \/>\n\t<meta name=\"twitter:data1\" content=\"1 minute\" \/>\n<script type=\"application\/ld+json\" class=\"yoast-schema-graph\">{\"@context\":\"https:\\\/\\\/schema.org\",\"@graph\":[{\"@type\":\"WebPage\",\"@id\":\"https:\\\/\\\/basreinigung.at\\\/?page_id=2377\",\"url\":\"https:\\\/\\\/basreinigung.at\\\/?page_id=2377\",\"name\":\"Unsere Leistungen | Umfassende Reinigungsservices in Graz\",\"isPartOf\":{\"@id\":\"https:\\\/\\\/basreinigung.at\\\/#website\"},\"datePublished\":\"2025-12-15T02:29:58+00:00\",\"dateModified\":\"2026-04-19T11:49:31+00:00\",\"description\":\"Von der B\u00fcroreinigung bis zum Winterdienst: Entdecken Sie unsere vielf\u00e4ltigen Reinigungsservices f\u00fcr Privat- und Gewerbekunden in Graz und Umgebung.\",\"breadcrumb\":{\"@id\":\"https:\\\/\\\/basreinigung.at\\\/?page_id=2377#breadcrumb\"},\"inLanguage\":\"en-US\",\"potentialAction\":[{\"@type\":\"ReadAction\",\"target\":[\"https:\\\/\\\/basreinigung.at\\\/?page_id=2377\"]}]},{\"@type\":\"BreadcrumbList\",\"@id\":\"https:\\\/\\\/basreinigung.at\\\/?page_id=2377#breadcrumb\",\"itemListElement\":[{\"@type\":\"ListItem\",\"position\":1,\"name\":\"Home\",\"item\":\"https:\\\/\\\/basreinigung.at\\\/\"},{\"@type\":\"ListItem\",\"position\":2,\"name\":\"Unsere Leistungen\"}]},{\"@type\":\"WebSite\",\"@id\":\"https:\\\/\\\/basreinigung.at\\\/#website\",\"url\":\"https:\\\/\\\/basreinigung.at\\\/\",\"name\":\"basreinigung.at\",\"description\":\"Sauberkeit mit Vertrauen und Sorgfalt.\",\"publisher\":{\"@id\":\"https:\\\/\\\/basreinigung.at\\\/#organization\"},\"potentialAction\":[{\"@type\":\"SearchAction\",\"target\":{\"@type\":\"EntryPoint\",\"urlTemplate\":\"https:\\\/\\\/basreinigung.at\\\/?s={search_term_string}\"},\"query-input\":{\"@type\":\"PropertyValueSpecification\",\"valueRequired\":true,\"valueName\":\"search_term_string\"}}],\"inLanguage\":\"en-US\"},{\"@type\":\"Organization\",\"@id\":\"https:\\\/\\\/basreinigung.at\\\/#organization\",\"name\":\"basreinigung.at\",\"url\":\"https:\\\/\\\/basreinigung.at\\\/\",\"logo\":{\"@type\":\"ImageObject\",\"inLanguage\":\"en-US\",\"@id\":\"https:\\\/\\\/basreinigung.at\\\/#\\\/schema\\\/logo\\\/image\\\/\",\"url\":\"https:\\\/\\\/basreinigung.at\\\/wp-content\\\/uploads\\\/2025\\\/12\\\/Untitled-1-scaled.png\",\"contentUrl\":\"https:\\\/\\\/basreinigung.at\\\/wp-content\\\/uploads\\\/2025\\\/12\\\/Untitled-1-scaled.png\",\"width\":2560,\"height\":1421,\"caption\":\"basreinigung.at\"},\"image\":{\"@id\":\"https:\\\/\\\/basreinigung.at\\\/#\\\/schema\\\/logo\\\/image\\\/\"}}]}<\/script>\n<!-- \/ Yoast SEO plugin. -->","yoast_head_json":{"title":"Unsere Leistungen | Umfassende Reinigungsservices in Graz","description":"Von der B\u00fcroreinigung bis zum Winterdienst: Entdecken Sie unsere vielf\u00e4ltigen Reinigungsservices f\u00fcr Privat- und Gewerbekunden in Graz und Umgebung.","robots":{"index":"index","follow":"follow","max-snippet":"max-snippet:-1","max-image-preview":"max-image-preview:large","max-video-preview":"max-video-preview:-1"},"canonical":"https:\/\/basreinigung.at\/?page_id=2377","og_locale":"en_US","og_type":"article","og_title":"Unsere Leistungen | Umfassende Reinigungsservices in Graz","og_description":"Von der B\u00fcroreinigung bis zum Winterdienst: Entdecken Sie unsere vielf\u00e4ltigen Reinigungsservices f\u00fcr Privat- und Gewerbekunden in Graz und Umgebung.","og_url":"https:\/\/basreinigung.at\/?page_id=2377","og_site_name":"basreinigung.at","article_modified_time":"2026-04-19T11:49:31+00:00","twitter_card":"summary_large_image","twitter_misc":{"Est. reading time":"1 minute"},"schema":{"@context":"https:\/\/schema.org","@graph":[{"@type":"WebPage","@id":"https:\/\/basreinigung.at\/?page_id=2377","url":"https:\/\/basreinigung.at\/?page_id=2377","name":"Unsere Leistungen | Umfassende Reinigungsservices in Graz","isPartOf":{"@id":"https:\/\/basreinigung.at\/#website"},"datePublished":"2025-12-15T02:29:58+00:00","dateModified":"2026-04-19T11:49:31+00:00","description":"Von der B\u00fcroreinigung bis zum Winterdienst: Entdecken Sie unsere vielf\u00e4ltigen Reinigungsservices f\u00fcr Privat- und Gewerbekunden in Graz und Umgebung.","breadcrumb":{"@id":"https:\/\/basreinigung.at\/?page_id=2377#breadcrumb"},"inLanguage":"en-US","potentialAction":[{"@type":"ReadAction","target":["https:\/\/basreinigung.at\/?page_id=2377"]}]},{"@type":"BreadcrumbList","@id":"https:\/\/basreinigung.at\/?page_id=2377#breadcrumb","itemListElement":[{"@type":"ListItem","position":1,"name":"Home","item":"https:\/\/basreinigung.at\/"},{"@type":"ListItem","position":2,"name":"Unsere Leistungen"}]},{"@type":"WebSite","@id":"https:\/\/basreinigung.at\/#website","url":"https:\/\/basreinigung.at\/","name":"basreinigung.at","description":"Sauberkeit mit Vertrauen und Sorgfalt.","publisher":{"@id":"https:\/\/basreinigung.at\/#organization"},"potentialAction":[{"@type":"SearchAction","target":{"@type":"EntryPoint","urlTemplate":"https:\/\/basreinigung.at\/?s={search_term_string}"},"query-input":{"@type":"PropertyValueSpecification","valueRequired":true,"valueName":"search_term_string"}}],"inLanguage":"en-US"},{"@type":"Organization","@id":"https:\/\/basreinigung.at\/#organization","name":"basreinigung.at","url":"https:\/\/basreinigung.at\/","logo":{"@type":"ImageObject","inLanguage":"en-US","@id":"https:\/\/basreinigung.at\/#\/schema\/logo\/image\/","url":"https:\/\/basreinigung.at\/wp-content\/uploads\/2025\/12\/Untitled-1-scaled.png","contentUrl":"https:\/\/basreinigung.at\/wp-content\/uploads\/2025\/12\/Untitled-1-scaled.png","width":2560,"height":1421,"caption":"basreinigung.at"},"image":{"@id":"https:\/\/basreinigung.at\/#\/schema\/logo\/image\/"}}]}},"_links":{"self":[{"href":"https:\/\/basreinigung.at\/index.php?rest_route=\/wp\/v2\/pages\/2377","targetHints":{"allow":["GET"]}}],"collection":[{"href":"https:\/\/basreinigung.at\/index.php?rest_route=\/wp\/v2\/pages"}],"about":[{"href":"https:\/\/basreinigung.at\/index.php?rest_route=\/wp\/v2\/types\/page"}],"author":[{"embeddable":true,"href":"https:\/\/basreinigung.at\/index.php?rest_route=\/wp\/v2\/users\/1"}],"replies":[{"embeddable":true,"href":"https:\/\/basreinigung.at\/index.php?rest_route=%2Fwp%2Fv2%2Fcomments&post=2377"}],"version-history":[{"count":43,"href":"https:\/\/basreinigung.at\/index.php?rest_route=\/wp\/v2\/pages\/2377\/revisions"}],"predecessor-version":[{"id":2737,"href":"https:\/\/basreinigung.at\/index.php?rest_route=\/wp\/v2\/pages\/2377\/revisions\/2737"}],"wp:attachment":[{"href":"https:\/\/basreinigung.at\/index.php?rest_route=%2Fwp%2Fv2%2Fmedia&parent=2377"}],"curies":[{"name":"wp","href":"https:\/\/api.w.org\/{rel}","templated":true}]}}