{"id":2448,"date":"2025-12-15T03:41:22","date_gmt":"2025-12-15T03:41:22","guid":{"rendered":"https:\/\/basreinigung.at\/?page_id=2448"},"modified":"2026-03-03T18:58:58","modified_gmt":"2026-03-03T18:58:58","slug":"allgemeine-gewerbliche-reinigung","status":"publish","type":"page","link":"https:\/\/basreinigung.at\/?page_id=2448","title":{"rendered":"Allgemeine &#038;Gewerbliche Reinigung\u200b"},"content":{"rendered":"\t\t<div data-elementor-type=\"wp-page\" data-elementor-id=\"2448\" class=\"elementor elementor-2448\">\n\t\t\t\t<div class=\"elementor-element elementor-element-f4033d0 e-flex e-con-boxed e-con e-parent\" data-id=\"f4033d0\" data-element_type=\"container\" data-e-type=\"container\">\n\t\t\t\t\t<div class=\"e-con-inner\">\n\t\t<div class=\"elementor-element elementor-element-cd360b6 e-con-full e-flex e-con e-child\" data-id=\"cd360b6\" data-element_type=\"container\" data-e-type=\"container\">\n\t\t<div class=\"elementor-element elementor-element-44aaae3 e-con-full e-flex e-con e-child\" data-id=\"44aaae3\" data-element_type=\"container\" data-e-type=\"container\">\n\t\t<div class=\"elementor-element elementor-element-d67288b e-con-full e-flex e-con e-child\" data-id=\"d67288b\" data-element_type=\"container\" data-e-type=\"container\" data-settings=\"{&quot;background_background&quot;:&quot;classic&quot;}\">\n\t\t\t\t<\/div>\n\t\t<div class=\"elementor-element elementor-element-b9593e5 e-con-full e-flex e-con e-child\" data-id=\"b9593e5\" data-element_type=\"container\" data-e-type=\"container\" data-settings=\"{&quot;background_background&quot;:&quot;classic&quot;}\">\n\t\t\t\t<div class=\"elementor-element elementor-element-15c34af elementor-widget elementor-widget-heading\" data-id=\"15c34af\" data-element_type=\"widget\" data-e-type=\"widget\" data-widget_type=\"heading.default\">\n\t\t\t\t\t<h2 class=\"elementor-heading-title elementor-size-default\">Allgemeine &amp; <br>\nGewerbliche Reinigung<\/h2>\t\t\t\t<\/div>\n\t\t\t\t<\/div>\n\t\t\t\t<\/div>\n\t\t\t\t<\/div>\n\t\t\t\t\t<\/div>\n\t\t\t\t<\/div>\n\t\t<div class=\"elementor-element elementor-element-84e1e0c e-flex e-con-boxed e-con e-parent\" data-id=\"84e1e0c\" data-element_type=\"container\" data-e-type=\"container\">\n\t\t\t\t\t<div class=\"e-con-inner\">\n\t\t\t\t<div class=\"elementor-element elementor-element-7009e33 elementor-widget elementor-widget-heading\" data-id=\"7009e33\" data-element_type=\"widget\" data-e-type=\"widget\" data-widget_type=\"heading.default\">\n\t\t\t\t\t<h2 class=\"elementor-heading-title elementor-size-default\">Einzelleistungen<\/h2>\t\t\t\t<\/div>\n\t\t\t\t<div class=\"elementor-element elementor-element-5796234 elementor-widget elementor-widget-text-editor\" data-id=\"5796234\" data-element_type=\"widget\" data-e-type=\"widget\" data-widget_type=\"text-editor.default\">\n\t\t\t\t\t\t\t\t\t<p>lle im Rahmen dieses Services angebotenen Einzelleistungen finden Sie unten.<\/p>\t\t\t\t\t\t\t\t<\/div>\n\t\t<div class=\"elementor-element elementor-element-263f2e4 e-con-full e-flex e-con e-child\" data-id=\"263f2e4\" data-element_type=\"container\" data-e-type=\"container\">\n\t\t<div class=\"elementor-element elementor-element-00a2fd0 e-con-full e-flex e-con e-child\" data-id=\"00a2fd0\" data-element_type=\"container\" data-e-type=\"container\" data-settings=\"{&quot;background_background&quot;:&quot;classic&quot;}\">\n\t\t<div class=\"elementor-element elementor-element-73d04ca e-con-full e-flex e-con e-child\" data-id=\"73d04ca\" data-element_type=\"container\" data-e-type=\"container\" data-settings=\"{&quot;background_background&quot;:&quot;classic&quot;}\">\n\t\t\t\t<\/div>\n\t\t<div class=\"elementor-element elementor-element-c23adb5 e-con-full e-flex e-con e-child\" data-id=\"c23adb5\" data-element_type=\"container\" data-e-type=\"container\">\n\t\t\t\t<div class=\"elementor-element elementor-element-e00f7e2 elementor-widget elementor-widget-heading\" data-id=\"e00f7e2\" data-element_type=\"widget\" data-e-type=\"widget\" data-widget_type=\"heading.default\">\n\t\t\t\t\t<h2 class=\"elementor-heading-title elementor-size-default\">B\u00fcroreinigung<\/h2>\t\t\t\t<\/div>\n\t\t\t\t<div class=\"elementor-element elementor-element-1803207 elementor-widget elementor-widget-text-editor\" data-id=\"1803207\" data-element_type=\"widget\" data-e-type=\"widget\" data-widget_type=\"text-editor.default\">\n\t\t\t\t\t\t\t\t\t<p>Wir sorgen f\u00fcr Hygiene, Ordnung und ein produktives Arbeitsumfeld in Ihren B\u00fcror\u00e4umen.<\/p>\t\t\t\t\t\t\t\t<\/div>\n\t\t\t\t<\/div>\n\t\t\t\t<div class=\"elementor-element elementor-element-f909af9 elementor-widget-divider--view-line elementor-widget elementor-widget-divider\" data-id=\"f909af9\" data-element_type=\"widget\" data-e-type=\"widget\" data-widget_type=\"divider.default\">\n\t\t\t\t\t\t\t<div class=\"elementor-divider\">\n\t\t\t<span class=\"elementor-divider-separator\">\n\t\t\t\t\t\t<\/span>\n\t\t<\/div>\n\t\t\t\t\t\t<\/div>\n\t\t\t\t<\/div>\n\t\t<div class=\"elementor-element elementor-element-bb6a445 e-con-full e-flex e-con e-child\" data-id=\"bb6a445\" data-element_type=\"container\" data-e-type=\"container\" data-settings=\"{&quot;background_background&quot;:&quot;classic&quot;}\">\n\t\t<div class=\"elementor-element elementor-element-9be517a e-con-full e-flex e-con e-child\" data-id=\"9be517a\" data-element_type=\"container\" data-e-type=\"container\" data-settings=\"{&quot;background_background&quot;:&quot;classic&quot;}\">\n\t\t\t\t<\/div>\n\t\t<div class=\"elementor-element elementor-element-ebf3ff9 e-con-full e-flex e-con e-child\" data-id=\"ebf3ff9\" data-element_type=\"container\" data-e-type=\"container\">\n\t\t\t\t<div class=\"elementor-element elementor-element-bf2bf99 elementor-widget elementor-widget-heading\" data-id=\"bf2bf99\" data-element_type=\"widget\" data-e-type=\"widget\" data-widget_type=\"heading.default\">\n\t\t\t\t\t<h2 class=\"elementor-heading-title elementor-size-default\">Betriebsreinigung<\/h2>\t\t\t\t<\/div>\n\t\t\t\t<div class=\"elementor-element elementor-element-4d66d43 elementor-widget elementor-widget-text-editor\" data-id=\"4d66d43\" data-element_type=\"widget\" data-e-type=\"widget\" data-widget_type=\"text-editor.default\">\n\t\t\t\t\t\t\t\t\t<p>Regelm\u00e4\u00dfige und gr\u00fcndliche Reinigung f\u00fcr Gesch\u00e4fte, Praxen, Werkst\u00e4tten und alle Betriebsfl\u00e4chen.<\/p>\t\t\t\t\t\t\t\t<\/div>\n\t\t\t\t<\/div>\n\t\t\t\t<div class=\"elementor-element elementor-element-10bf79c elementor-widget-divider--view-line elementor-widget elementor-widget-divider\" data-id=\"10bf79c\" data-element_type=\"widget\" data-e-type=\"widget\" data-widget_type=\"divider.default\">\n\t\t\t\t\t\t\t<div class=\"elementor-divider\">\n\t\t\t<span class=\"elementor-divider-separator\">\n\t\t\t\t\t\t<\/span>\n\t\t<\/div>\n\t\t\t\t\t\t<\/div>\n\t\t\t\t<\/div>\n\t\t<div class=\"elementor-element elementor-element-091f421 e-con-full e-flex e-con e-child\" data-id=\"091f421\" data-element_type=\"container\" data-e-type=\"container\" data-settings=\"{&quot;background_background&quot;:&quot;classic&quot;}\">\n\t\t<div class=\"elementor-element elementor-element-7697fad e-con-full e-flex e-con e-child\" data-id=\"7697fad\" data-element_type=\"container\" data-e-type=\"container\" data-settings=\"{&quot;background_background&quot;:&quot;classic&quot;}\">\n\t\t\t\t<\/div>\n\t\t<div class=\"elementor-element elementor-element-0ac1b2e e-con-full e-flex e-con e-child\" data-id=\"0ac1b2e\" data-element_type=\"container\" data-e-type=\"container\">\n\t\t\t\t<div class=\"elementor-element elementor-element-4f64f86 elementor-widget elementor-widget-heading\" data-id=\"4f64f86\" data-element_type=\"widget\" data-e-type=\"widget\" data-widget_type=\"heading.default\">\n\t\t\t\t\t<h2 class=\"elementor-heading-title elementor-size-default\">Fabrikreinigung<\/h2>\t\t\t\t<\/div>\n\t\t\t\t<div class=\"elementor-element elementor-element-963d9fa elementor-widget elementor-widget-text-editor\" data-id=\"963d9fa\" data-element_type=\"widget\" data-e-type=\"widget\" data-widget_type=\"text-editor.default\">\n\t\t\t\t\t\t\t\t\t<p>Professionelle Reinigung industrieller Bereiche gem\u00e4\u00df Sicherheits- und Hygienestandards.<\/p>\t\t\t\t\t\t\t\t<\/div>\n\t\t\t\t<\/div>\n\t\t\t\t<div class=\"elementor-element elementor-element-467a133 elementor-widget-divider--view-line elementor-widget elementor-widget-divider\" data-id=\"467a133\" data-element_type=\"widget\" data-e-type=\"widget\" data-widget_type=\"divider.default\">\n\t\t\t\t\t\t\t<div class=\"elementor-divider\">\n\t\t\t<span class=\"elementor-divider-separator\">\n\t\t\t\t\t\t<\/span>\n\t\t<\/div>\n\t\t\t\t\t\t<\/div>\n\t\t\t\t<\/div>\n\t\t<div class=\"elementor-element elementor-element-c6d37b1 e-con-full e-flex e-con e-child\" data-id=\"c6d37b1\" data-element_type=\"container\" data-e-type=\"container\" data-settings=\"{&quot;background_background&quot;:&quot;classic&quot;}\">\n\t\t<div class=\"elementor-element elementor-element-901c991 e-con-full e-flex e-con e-child\" data-id=\"901c991\" data-element_type=\"container\" data-e-type=\"container\" data-settings=\"{&quot;background_background&quot;:&quot;classic&quot;}\">\n\t\t\t\t<\/div>\n\t\t<div class=\"elementor-element elementor-element-371704c e-con-full e-flex e-con e-child\" data-id=\"371704c\" data-element_type=\"container\" data-e-type=\"container\">\n\t\t\t\t<div class=\"elementor-element elementor-element-9993a07 elementor-widget elementor-widget-heading\" data-id=\"9993a07\" data-element_type=\"widget\" data-e-type=\"widget\" data-widget_type=\"heading.default\">\n\t\t\t\t\t<h2 class=\"elementor-heading-title elementor-size-default\">Gastronomiereinigung<\/h2>\t\t\t\t<\/div>\n\t\t\t\t<div class=\"elementor-element elementor-element-c34952d elementor-widget elementor-widget-text-editor\" data-id=\"c34952d\" data-element_type=\"widget\" data-e-type=\"widget\" data-widget_type=\"text-editor.default\">\n\t\t\t\t\t\t\t\t\t<p>Vollst\u00e4ndige Hygienebetreuung f\u00fcr K\u00fcchen, G\u00e4stebereiche und Servicezonen.<\/p>\t\t\t\t\t\t\t\t<\/div>\n\t\t\t\t<\/div>\n\t\t\t\t<div class=\"elementor-element elementor-element-7a48844 elementor-widget-divider--view-line elementor-widget elementor-widget-divider\" data-id=\"7a48844\" data-element_type=\"widget\" data-e-type=\"widget\" data-widget_type=\"divider.default\">\n\t\t\t\t\t\t\t<div class=\"elementor-divider\">\n\t\t\t<span class=\"elementor-divider-separator\">\n\t\t\t\t\t\t<\/span>\n\t\t<\/div>\n\t\t\t\t\t\t<\/div>\n\t\t\t\t<\/div>\n\t\t\t\t<\/div>\n\t\t\t\t\t<\/div>\n\t\t\t\t<\/div>\n\t\t\t\t<\/div>\n\t\t","protected":false},"excerpt":{"rendered":"<p>Allgemeine &amp; Gewerbliche Reinigung Einzelleistungen lle im Rahmen dieses Services angebotenen Einzelleistungen finden Sie unten. B\u00fcroreinigung Wir sorgen f\u00fcr Hygiene, Ordnung und ein produktives Arbeitsumfeld in Ihren B\u00fcror\u00e4umen. Betriebsreinigung Regelm\u00e4\u00dfige und gr\u00fcndliche Reinigung f\u00fcr Gesch\u00e4fte, Praxen, Werkst\u00e4tten und alle Betriebsfl\u00e4chen. Fabrikreinigung Professionelle Reinigung industrieller Bereiche gem\u00e4\u00df Sicherheits- und Hygienestandards. Gastronomiereinigung Vollst\u00e4ndige Hygienebetreuung f\u00fcr K\u00fcchen, G\u00e4stebereiche [&hellip;]<\/p>\n","protected":false},"author":1,"featured_media":0,"parent":2377,"menu_order":0,"comment_status":"closed","ping_status":"closed","template":"elementor_header_footer","meta":{"footnotes":""},"class_list":["post-2448","page","type-page","status-publish","hentry"],"yoast_head":"<!-- This site is optimized with the Yoast SEO plugin v27.4 - https:\/\/yoast.com\/product\/yoast-seo-wordpress\/ -->\n<title>Gewerbliche Reinigung Graz | Bas Deep Clean<\/title>\n<meta name=\"description\" content=\"Professionelle Gewerbereinigung in Graz. Wir bieten ma\u00dfgeschneiderte Reinigungsl\u00f6sungen f\u00fcr B\u00fcros, Gesch\u00e4fte und Praxen. Sauberkeit, die \u00fcberzeugt!\" \/>\n<meta name=\"robots\" content=\"index, follow, max-snippet:-1, max-image-preview:large, max-video-preview:-1\" \/>\n<link rel=\"canonical\" href=\"https:\/\/basreinigung.at\/?page_id=2448\" \/>\n<meta property=\"og:locale\" content=\"en_US\" \/>\n<meta property=\"og:type\" content=\"article\" \/>\n<meta property=\"og:title\" content=\"Gewerbliche Reinigung Graz | Bas Deep Clean\" \/>\n<meta property=\"og:description\" content=\"Professionelle Gewerbereinigung in Graz. Wir bieten ma\u00dfgeschneiderte Reinigungsl\u00f6sungen f\u00fcr B\u00fcros, Gesch\u00e4fte und Praxen. Sauberkeit, die \u00fcberzeugt!\" \/>\n<meta property=\"og:url\" content=\"https:\/\/basreinigung.at\/?page_id=2448\" \/>\n<meta property=\"og:site_name\" content=\"basreinigung.at\" \/>\n<meta property=\"article:modified_time\" content=\"2026-03-03T18:58:58+00:00\" \/>\n<meta name=\"twitter:card\" content=\"summary_large_image\" \/>\n<meta name=\"twitter:label1\" content=\"Est. reading time\" \/>\n\t<meta name=\"twitter:data1\" content=\"1 minute\" \/>\n<script type=\"application\/ld+json\" class=\"yoast-schema-graph\">{\"@context\":\"https:\\\/\\\/schema.org\",\"@graph\":[{\"@type\":\"WebPage\",\"@id\":\"https:\\\/\\\/basreinigung.at\\\/?page_id=2448\",\"url\":\"https:\\\/\\\/basreinigung.at\\\/?page_id=2448\",\"name\":\"Gewerbliche Reinigung Graz | Bas Deep Clean\",\"isPartOf\":{\"@id\":\"https:\\\/\\\/basreinigung.at\\\/#website\"},\"datePublished\":\"2025-12-15T03:41:22+00:00\",\"dateModified\":\"2026-03-03T18:58:58+00:00\",\"description\":\"Professionelle Gewerbereinigung in Graz. Wir bieten ma\u00dfgeschneiderte Reinigungsl\u00f6sungen f\u00fcr B\u00fcros, Gesch\u00e4fte und Praxen. Sauberkeit, die \u00fcberzeugt!\",\"breadcrumb\":{\"@id\":\"https:\\\/\\\/basreinigung.at\\\/?page_id=2448#breadcrumb\"},\"inLanguage\":\"en-US\",\"potentialAction\":[{\"@type\":\"ReadAction\",\"target\":[\"https:\\\/\\\/basreinigung.at\\\/?page_id=2448\"]}]},{\"@type\":\"BreadcrumbList\",\"@id\":\"https:\\\/\\\/basreinigung.at\\\/?page_id=2448#breadcrumb\",\"itemListElement\":[{\"@type\":\"ListItem\",\"position\":1,\"name\":\"Home\",\"item\":\"https:\\\/\\\/basreinigung.at\\\/\"},{\"@type\":\"ListItem\",\"position\":2,\"name\":\"Unsere Leistungen\",\"item\":\"https:\\\/\\\/basreinigung.at\\\/?page_id=2377\"},{\"@type\":\"ListItem\",\"position\":3,\"name\":\"Allgemeine &#038;Gewerbliche Reinigung\u200b\"}]},{\"@type\":\"WebSite\",\"@id\":\"https:\\\/\\\/basreinigung.at\\\/#website\",\"url\":\"https:\\\/\\\/basreinigung.at\\\/\",\"name\":\"basreinigung.at\",\"description\":\"Sauberkeit mit Vertrauen und Sorgfalt.\",\"publisher\":{\"@id\":\"https:\\\/\\\/basreinigung.at\\\/#organization\"},\"potentialAction\":[{\"@type\":\"SearchAction\",\"target\":{\"@type\":\"EntryPoint\",\"urlTemplate\":\"https:\\\/\\\/basreinigung.at\\\/?s={search_term_string}\"},\"query-input\":{\"@type\":\"PropertyValueSpecification\",\"valueRequired\":true,\"valueName\":\"search_term_string\"}}],\"inLanguage\":\"en-US\"},{\"@type\":\"Organization\",\"@id\":\"https:\\\/\\\/basreinigung.at\\\/#organization\",\"name\":\"basreinigung.at\",\"url\":\"https:\\\/\\\/basreinigung.at\\\/\",\"logo\":{\"@type\":\"ImageObject\",\"inLanguage\":\"en-US\",\"@id\":\"https:\\\/\\\/basreinigung.at\\\/#\\\/schema\\\/logo\\\/image\\\/\",\"url\":\"https:\\\/\\\/basreinigung.at\\\/wp-content\\\/uploads\\\/2025\\\/12\\\/Untitled-1-scaled.png\",\"contentUrl\":\"https:\\\/\\\/basreinigung.at\\\/wp-content\\\/uploads\\\/2025\\\/12\\\/Untitled-1-scaled.png\",\"width\":2560,\"height\":1421,\"caption\":\"basreinigung.at\"},\"image\":{\"@id\":\"https:\\\/\\\/basreinigung.at\\\/#\\\/schema\\\/logo\\\/image\\\/\"}}]}<\/script>\n<!-- \/ Yoast SEO plugin. -->","yoast_head_json":{"title":"Gewerbliche Reinigung Graz | Bas Deep Clean","description":"Professionelle Gewerbereinigung in Graz. Wir bieten ma\u00dfgeschneiderte Reinigungsl\u00f6sungen f\u00fcr B\u00fcros, Gesch\u00e4fte und Praxen. Sauberkeit, die \u00fcberzeugt!","robots":{"index":"index","follow":"follow","max-snippet":"max-snippet:-1","max-image-preview":"max-image-preview:large","max-video-preview":"max-video-preview:-1"},"canonical":"https:\/\/basreinigung.at\/?page_id=2448","og_locale":"en_US","og_type":"article","og_title":"Gewerbliche Reinigung Graz | Bas Deep Clean","og_description":"Professionelle Gewerbereinigung in Graz. Wir bieten ma\u00dfgeschneiderte Reinigungsl\u00f6sungen f\u00fcr B\u00fcros, Gesch\u00e4fte und Praxen. Sauberkeit, die \u00fcberzeugt!","og_url":"https:\/\/basreinigung.at\/?page_id=2448","og_site_name":"basreinigung.at","article_modified_time":"2026-03-03T18:58:58+00:00","twitter_card":"summary_large_image","twitter_misc":{"Est. reading time":"1 minute"},"schema":{"@context":"https:\/\/schema.org","@graph":[{"@type":"WebPage","@id":"https:\/\/basreinigung.at\/?page_id=2448","url":"https:\/\/basreinigung.at\/?page_id=2448","name":"Gewerbliche Reinigung Graz | Bas Deep Clean","isPartOf":{"@id":"https:\/\/basreinigung.at\/#website"},"datePublished":"2025-12-15T03:41:22+00:00","dateModified":"2026-03-03T18:58:58+00:00","description":"Professionelle Gewerbereinigung in Graz. Wir bieten ma\u00dfgeschneiderte Reinigungsl\u00f6sungen f\u00fcr B\u00fcros, Gesch\u00e4fte und Praxen. Sauberkeit, die \u00fcberzeugt!","breadcrumb":{"@id":"https:\/\/basreinigung.at\/?page_id=2448#breadcrumb"},"inLanguage":"en-US","potentialAction":[{"@type":"ReadAction","target":["https:\/\/basreinigung.at\/?page_id=2448"]}]},{"@type":"BreadcrumbList","@id":"https:\/\/basreinigung.at\/?page_id=2448#breadcrumb","itemListElement":[{"@type":"ListItem","position":1,"name":"Home","item":"https:\/\/basreinigung.at\/"},{"@type":"ListItem","position":2,"name":"Unsere Leistungen","item":"https:\/\/basreinigung.at\/?page_id=2377"},{"@type":"ListItem","position":3,"name":"Allgemeine &#038;Gewerbliche Reinigung\u200b"}]},{"@type":"WebSite","@id":"https:\/\/basreinigung.at\/#website","url":"https:\/\/basreinigung.at\/","name":"basreinigung.at","description":"Sauberkeit mit Vertrauen und Sorgfalt.","publisher":{"@id":"https:\/\/basreinigung.at\/#organization"},"potentialAction":[{"@type":"SearchAction","target":{"@type":"EntryPoint","urlTemplate":"https:\/\/basreinigung.at\/?s={search_term_string}"},"query-input":{"@type":"PropertyValueSpecification","valueRequired":true,"valueName":"search_term_string"}}],"inLanguage":"en-US"},{"@type":"Organization","@id":"https:\/\/basreinigung.at\/#organization","name":"basreinigung.at","url":"https:\/\/basreinigung.at\/","logo":{"@type":"ImageObject","inLanguage":"en-US","@id":"https:\/\/basreinigung.at\/#\/schema\/logo\/image\/","url":"https:\/\/basreinigung.at\/wp-content\/uploads\/2025\/12\/Untitled-1-scaled.png","contentUrl":"https:\/\/basreinigung.at\/wp-content\/uploads\/2025\/12\/Untitled-1-scaled.png","width":2560,"height":1421,"caption":"basreinigung.at"},"image":{"@id":"https:\/\/basreinigung.at\/#\/schema\/logo\/image\/"}}]}},"_links":{"self":[{"href":"https:\/\/basreinigung.at\/index.php?rest_route=\/wp\/v2\/pages\/2448","targetHints":{"allow":["GET"]}}],"collection":[{"href":"https:\/\/basreinigung.at\/index.php?rest_route=\/wp\/v2\/pages"}],"about":[{"href":"https:\/\/basreinigung.at\/index.php?rest_route=\/wp\/v2\/types\/page"}],"author":[{"embeddable":true,"href":"https:\/\/basreinigung.at\/index.php?rest_route=\/wp\/v2\/users\/1"}],"replies":[{"embeddable":true,"href":"https:\/\/basreinigung.at\/index.php?rest_route=%2Fwp%2Fv2%2Fcomments&post=2448"}],"version-history":[{"count":4,"href":"https:\/\/basreinigung.at\/index.php?rest_route=\/wp\/v2\/pages\/2448\/revisions"}],"predecessor-version":[{"id":2453,"href":"https:\/\/basreinigung.at\/index.php?rest_route=\/wp\/v2\/pages\/2448\/revisions\/2453"}],"up":[{"embeddable":true,"href":"https:\/\/basreinigung.at\/index.php?rest_route=\/wp\/v2\/pages\/2377"}],"wp:attachment":[{"href":"https:\/\/basreinigung.at\/index.php?rest_route=%2Fwp%2Fv2%2Fmedia&parent=2448"}],"curies":[{"name":"wp","href":"https:\/\/api.w.org\/{rel}","templated":true}]}}