{"id":2454,"date":"2025-12-15T04:00:06","date_gmt":"2025-12-15T04:00:06","guid":{"rendered":"https:\/\/basreinigung.at\/?page_id=2454"},"modified":"2026-03-03T18:59:26","modified_gmt":"2026-03-03T18:59:26","slug":"gebaude-baureinigung","status":"publish","type":"page","link":"https:\/\/basreinigung.at\/?page_id=2454","title":{"rendered":"Geb\u00e4ude-&amp;Baureinigung"},"content":{"rendered":"\t\t<div data-elementor-type=\"wp-page\" data-elementor-id=\"2454\" class=\"elementor elementor-2454\">\n\t\t\t\t<div class=\"elementor-element elementor-element-70a78f3 e-flex e-con-boxed e-con e-parent\" data-id=\"70a78f3\" data-element_type=\"container\" data-e-type=\"container\">\n\t\t\t\t\t<div class=\"e-con-inner\">\n\t\t<div class=\"elementor-element elementor-element-34c2d09 e-con-full e-flex e-con e-child\" data-id=\"34c2d09\" data-element_type=\"container\" data-e-type=\"container\">\n\t\t<div class=\"elementor-element elementor-element-cedb6d7 e-con-full e-flex e-con e-child\" data-id=\"cedb6d7\" data-element_type=\"container\" data-e-type=\"container\" data-settings=\"{&quot;background_background&quot;:&quot;classic&quot;}\">\n\t\t\t\t<\/div>\n\t\t<div class=\"elementor-element elementor-element-d8a5e24 e-con-full e-flex e-con e-child\" data-id=\"d8a5e24\" data-element_type=\"container\" data-e-type=\"container\" data-settings=\"{&quot;background_background&quot;:&quot;classic&quot;}\">\n\t\t\t\t<div class=\"elementor-element elementor-element-1648180 elementor-widget elementor-widget-heading\" data-id=\"1648180\" data-element_type=\"widget\" data-e-type=\"widget\" data-widget_type=\"heading.default\">\n\t\t\t\t\t<h2 class=\"elementor-heading-title elementor-size-default\">Geb\u00e4ude-&amp; <br>\nBaureinigung<\/h2>\t\t\t\t<\/div>\n\t\t\t\t<\/div>\n\t\t\t\t<\/div>\n\t\t<div class=\"elementor-element elementor-element-c31cb6e e-con-full e-flex e-con e-child\" data-id=\"c31cb6e\" data-element_type=\"container\" data-e-type=\"container\">\n\t\t\t\t<div class=\"elementor-element elementor-element-a67bdc4 elementor-widget elementor-widget-heading\" data-id=\"a67bdc4\" data-element_type=\"widget\" data-e-type=\"widget\" data-widget_type=\"heading.default\">\n\t\t\t\t\t<h2 class=\"elementor-heading-title elementor-size-default\">Einzelleistungen<\/h2>\t\t\t\t<\/div>\n\t\t\t\t<div class=\"elementor-element elementor-element-063000c elementor-widget elementor-widget-text-editor\" data-id=\"063000c\" data-element_type=\"widget\" data-e-type=\"widget\" data-widget_type=\"text-editor.default\">\n\t\t\t\t\t\t\t\t\t<p>lle im Rahmen dieses Services angebotenen Einzelleistungen finden Sie unten.<\/p>\t\t\t\t\t\t\t\t<\/div>\n\t\t<div class=\"elementor-element elementor-element-bcdc743 e-con-full e-flex e-con e-child\" data-id=\"bcdc743\" data-element_type=\"container\" data-e-type=\"container\">\n\t\t<div class=\"elementor-element elementor-element-ce25eee e-con-full e-flex e-con e-child\" data-id=\"ce25eee\" data-element_type=\"container\" data-e-type=\"container\" data-settings=\"{&quot;background_background&quot;:&quot;classic&quot;}\">\n\t\t<div class=\"elementor-element elementor-element-43f7466 e-con-full e-flex e-con e-child\" data-id=\"43f7466\" data-element_type=\"container\" data-e-type=\"container\" data-settings=\"{&quot;background_background&quot;:&quot;classic&quot;}\">\n\t\t\t\t<\/div>\n\t\t<div class=\"elementor-element elementor-element-cb00f88 e-con-full e-flex e-con e-child\" data-id=\"cb00f88\" data-element_type=\"container\" data-e-type=\"container\">\n\t\t\t\t<div class=\"elementor-element elementor-element-02d27f1 elementor-widget elementor-widget-heading\" data-id=\"02d27f1\" data-element_type=\"widget\" data-e-type=\"widget\" data-widget_type=\"heading.default\">\n\t\t\t\t\t<h2 class=\"elementor-heading-title elementor-size-default\">Fassadenreinigung<\/h2>\t\t\t\t<\/div>\n\t\t\t\t<div class=\"elementor-element elementor-element-2374e3d elementor-widget elementor-widget-text-editor\" data-id=\"2374e3d\" data-element_type=\"widget\" data-e-type=\"widget\" data-widget_type=\"text-editor.default\">\n\t\t\t\t\t\t\t\t\t<p>Regelm\u00e4\u00dfige und gr\u00fcndliche Reinigung f\u00fcr Gesch\u00e4fte, Praxen, Werkst\u00e4tten und alle Betriebsfl\u00e4chen.<\/p>\t\t\t\t\t\t\t\t<\/div>\n\t\t\t\t<\/div>\n\t\t\t\t<div class=\"elementor-element elementor-element-c9ef53d elementor-widget-divider--view-line elementor-widget elementor-widget-divider\" data-id=\"c9ef53d\" data-element_type=\"widget\" data-e-type=\"widget\" data-widget_type=\"divider.default\">\n\t\t\t\t\t\t\t<div class=\"elementor-divider\">\n\t\t\t<span class=\"elementor-divider-separator\">\n\t\t\t\t\t\t<\/span>\n\t\t<\/div>\n\t\t\t\t\t\t<\/div>\n\t\t\t\t<\/div>\n\t\t<div class=\"elementor-element elementor-element-95dfaef e-con-full e-flex e-con e-child\" data-id=\"95dfaef\" data-element_type=\"container\" data-e-type=\"container\" data-settings=\"{&quot;background_background&quot;:&quot;classic&quot;}\">\n\t\t<div class=\"elementor-element elementor-element-7d9b564 e-con-full e-flex e-con e-child\" data-id=\"7d9b564\" data-element_type=\"container\" data-e-type=\"container\" data-settings=\"{&quot;background_background&quot;:&quot;classic&quot;}\">\n\t\t\t\t<\/div>\n\t\t<div class=\"elementor-element elementor-element-b9a968a e-con-full e-flex e-con e-child\" data-id=\"b9a968a\" data-element_type=\"container\" data-e-type=\"container\">\n\t\t\t\t<div class=\"elementor-element elementor-element-654ea54 elementor-widget elementor-widget-heading\" data-id=\"654ea54\" data-element_type=\"widget\" data-e-type=\"widget\" data-widget_type=\"heading.default\">\n\t\t\t\t\t<h2 class=\"elementor-heading-title elementor-size-default\">Geb\u00e4udereinigung<\/h2>\t\t\t\t<\/div>\n\t\t\t\t<div class=\"elementor-element elementor-element-e218087 elementor-widget elementor-widget-text-editor\" data-id=\"e218087\" data-element_type=\"widget\" data-e-type=\"widget\" data-widget_type=\"text-editor.default\">\n\t\t\t\t\t\t\t\t\t<p>Reinigung von Gemeinschaftsbereichen, Aufz\u00fcgen, Eing\u00e4ngen und allen Innenfl\u00e4chen.<\/p>\t\t\t\t\t\t\t\t<\/div>\n\t\t\t\t<\/div>\n\t\t\t\t<div class=\"elementor-element elementor-element-f9bbd6f elementor-widget-divider--view-line elementor-widget elementor-widget-divider\" data-id=\"f9bbd6f\" data-element_type=\"widget\" data-e-type=\"widget\" data-widget_type=\"divider.default\">\n\t\t\t\t\t\t\t<div class=\"elementor-divider\">\n\t\t\t<span class=\"elementor-divider-separator\">\n\t\t\t\t\t\t<\/span>\n\t\t<\/div>\n\t\t\t\t\t\t<\/div>\n\t\t\t\t<\/div>\n\t\t<div class=\"elementor-element elementor-element-e45aa1f e-con-full e-flex e-con e-child\" data-id=\"e45aa1f\" data-element_type=\"container\" data-e-type=\"container\" data-settings=\"{&quot;background_background&quot;:&quot;classic&quot;}\">\n\t\t<div class=\"elementor-element elementor-element-f73a95d e-con-full e-flex e-con e-child\" data-id=\"f73a95d\" data-element_type=\"container\" data-e-type=\"container\" data-settings=\"{&quot;background_background&quot;:&quot;classic&quot;}\">\n\t\t\t\t<\/div>\n\t\t<div class=\"elementor-element elementor-element-286a587 e-con-full e-flex e-con e-child\" data-id=\"286a587\" data-element_type=\"container\" data-e-type=\"container\">\n\t\t\t\t<div class=\"elementor-element elementor-element-820f60b elementor-widget elementor-widget-heading\" data-id=\"820f60b\" data-element_type=\"widget\" data-e-type=\"widget\" data-widget_type=\"heading.default\">\n\t\t\t\t\t<h2 class=\"elementor-heading-title elementor-size-default\">Stiegenhausreinigung<\/h2>\t\t\t\t<\/div>\n\t\t\t\t<div class=\"elementor-element elementor-element-2825d10 elementor-widget elementor-widget-text-editor\" data-id=\"2825d10\" data-element_type=\"widget\" data-e-type=\"widget\" data-widget_type=\"text-editor.default\">\n\t\t\t\t\t\t\t\t\t<p>Regelm\u00e4\u00dfige Reinigung von Treppenh\u00e4usern und Eingangsbereichen.<\/p>\t\t\t\t\t\t\t\t<\/div>\n\t\t\t\t<\/div>\n\t\t\t\t<div class=\"elementor-element elementor-element-f2df08b elementor-widget-divider--view-line elementor-widget elementor-widget-divider\" data-id=\"f2df08b\" data-element_type=\"widget\" data-e-type=\"widget\" data-widget_type=\"divider.default\">\n\t\t\t\t\t\t\t<div class=\"elementor-divider\">\n\t\t\t<span class=\"elementor-divider-separator\">\n\t\t\t\t\t\t<\/span>\n\t\t<\/div>\n\t\t\t\t\t\t<\/div>\n\t\t\t\t<\/div>\n\t\t<div class=\"elementor-element elementor-element-de1c380 e-con-full e-flex e-con e-child\" data-id=\"de1c380\" data-element_type=\"container\" data-e-type=\"container\" data-settings=\"{&quot;background_background&quot;:&quot;classic&quot;}\">\n\t\t<div class=\"elementor-element elementor-element-6be3ba8 e-con-full e-flex e-con e-child\" data-id=\"6be3ba8\" data-element_type=\"container\" data-e-type=\"container\" data-settings=\"{&quot;background_background&quot;:&quot;classic&quot;}\">\n\t\t\t\t<\/div>\n\t\t<div class=\"elementor-element elementor-element-6d858cd e-con-full e-flex e-con e-child\" data-id=\"6d858cd\" data-element_type=\"container\" data-e-type=\"container\">\n\t\t\t\t<div class=\"elementor-element elementor-element-b5e327b elementor-widget elementor-widget-heading\" data-id=\"b5e327b\" data-element_type=\"widget\" data-e-type=\"widget\" data-widget_type=\"heading.default\">\n\t\t\t\t\t<h2 class=\"elementor-heading-title elementor-size-default\">Baureinigung<\/h2>\t\t\t\t<\/div>\n\t\t\t\t<div class=\"elementor-element elementor-element-cd1dae2 elementor-widget elementor-widget-text-editor\" data-id=\"cd1dae2\" data-element_type=\"widget\" data-e-type=\"widget\" data-widget_type=\"text-editor.default\">\n\t\t\t\t\t\t\t\t\t<p>Entfernung von Staub, Bauschutt und allen R\u00fcckst\u00e4nden nach Bauarbeiten.<\/p>\t\t\t\t\t\t\t\t<\/div>\n\t\t\t\t<\/div>\n\t\t\t\t<div class=\"elementor-element elementor-element-3a5c108 elementor-widget-divider--view-line elementor-widget elementor-widget-divider\" data-id=\"3a5c108\" data-element_type=\"widget\" data-e-type=\"widget\" data-widget_type=\"divider.default\">\n\t\t\t\t\t\t\t<div class=\"elementor-divider\">\n\t\t\t<span class=\"elementor-divider-separator\">\n\t\t\t\t\t\t<\/span>\n\t\t<\/div>\n\t\t\t\t\t\t<\/div>\n\t\t\t\t<\/div>\n\t\t\t\t<\/div>\n\t\t\t\t<\/div>\n\t\t\t\t\t<\/div>\n\t\t\t\t<\/div>\n\t\t\t\t<\/div>\n\t\t","protected":false},"excerpt":{"rendered":"<p>Geb\u00e4ude-&amp; Baureinigung Einzelleistungen lle im Rahmen dieses Services angebotenen Einzelleistungen finden Sie unten. Fassadenreinigung Regelm\u00e4\u00dfige und gr\u00fcndliche Reinigung f\u00fcr Gesch\u00e4fte, Praxen, Werkst\u00e4tten und alle Betriebsfl\u00e4chen. Geb\u00e4udereinigung Reinigung von Gemeinschaftsbereichen, Aufz\u00fcgen, Eing\u00e4ngen und allen Innenfl\u00e4chen. Stiegenhausreinigung Regelm\u00e4\u00dfige Reinigung von Treppenh\u00e4usern und Eingangsbereichen. Baureinigung Entfernung von Staub, Bauschutt und allen R\u00fcckst\u00e4nden nach Bauarbeiten.<\/p>\n","protected":false},"author":1,"featured_media":0,"parent":2377,"menu_order":0,"comment_status":"closed","ping_status":"closed","template":"elementor_header_footer","meta":{"footnotes":""},"class_list":["post-2454","page","type-page","status-publish","hentry"],"yoast_head":"<!-- This site is optimized with the Yoast SEO plugin v27.4 - https:\/\/yoast.com\/product\/yoast-seo-wordpress\/ -->\n<title>Baureinigung Graz | Bauendreinigung &amp; Baugrobreinigung<\/title>\n<meta name=\"description\" content=\"Baufertigstellung ohne Stress! Bas Deep Clean \u00fcbernimmt die professionelle Baureinigung und Glasreinigung nach Neubau oder Sanierung in Graz.\" \/>\n<meta name=\"robots\" content=\"index, follow, max-snippet:-1, max-image-preview:large, max-video-preview:-1\" \/>\n<link rel=\"canonical\" href=\"https:\/\/basreinigung.at\/?page_id=2454\" \/>\n<meta property=\"og:locale\" content=\"en_US\" \/>\n<meta property=\"og:type\" content=\"article\" \/>\n<meta property=\"og:title\" content=\"Baureinigung Graz | Bauendreinigung &amp; Baugrobreinigung\" \/>\n<meta property=\"og:description\" content=\"Baufertigstellung ohne Stress! Bas Deep Clean \u00fcbernimmt die professionelle Baureinigung und Glasreinigung nach Neubau oder Sanierung in Graz.\" \/>\n<meta property=\"og:url\" content=\"https:\/\/basreinigung.at\/?page_id=2454\" \/>\n<meta property=\"og:site_name\" content=\"basreinigung.at\" \/>\n<meta property=\"article:modified_time\" content=\"2026-03-03T18:59:26+00:00\" \/>\n<meta name=\"twitter:card\" content=\"summary_large_image\" \/>\n<meta name=\"twitter:label1\" content=\"Est. reading time\" \/>\n\t<meta name=\"twitter:data1\" content=\"1 minute\" \/>\n<script type=\"application\/ld+json\" class=\"yoast-schema-graph\">{\"@context\":\"https:\\\/\\\/schema.org\",\"@graph\":[{\"@type\":\"WebPage\",\"@id\":\"https:\\\/\\\/basreinigung.at\\\/?page_id=2454\",\"url\":\"https:\\\/\\\/basreinigung.at\\\/?page_id=2454\",\"name\":\"Baureinigung Graz | Bauendreinigung & Baugrobreinigung\",\"isPartOf\":{\"@id\":\"https:\\\/\\\/basreinigung.at\\\/#website\"},\"datePublished\":\"2025-12-15T04:00:06+00:00\",\"dateModified\":\"2026-03-03T18:59:26+00:00\",\"description\":\"Baufertigstellung ohne Stress! Bas Deep Clean \u00fcbernimmt die professionelle Baureinigung und Glasreinigung nach Neubau oder Sanierung in Graz.\",\"breadcrumb\":{\"@id\":\"https:\\\/\\\/basreinigung.at\\\/?page_id=2454#breadcrumb\"},\"inLanguage\":\"en-US\",\"potentialAction\":[{\"@type\":\"ReadAction\",\"target\":[\"https:\\\/\\\/basreinigung.at\\\/?page_id=2454\"]}]},{\"@type\":\"BreadcrumbList\",\"@id\":\"https:\\\/\\\/basreinigung.at\\\/?page_id=2454#breadcrumb\",\"itemListElement\":[{\"@type\":\"ListItem\",\"position\":1,\"name\":\"Home\",\"item\":\"https:\\\/\\\/basreinigung.at\\\/\"},{\"@type\":\"ListItem\",\"position\":2,\"name\":\"Unsere Leistungen\",\"item\":\"https:\\\/\\\/basreinigung.at\\\/?page_id=2377\"},{\"@type\":\"ListItem\",\"position\":3,\"name\":\"Geb\u00e4ude-&amp;Baureinigung\"}]},{\"@type\":\"WebSite\",\"@id\":\"https:\\\/\\\/basreinigung.at\\\/#website\",\"url\":\"https:\\\/\\\/basreinigung.at\\\/\",\"name\":\"basreinigung.at\",\"description\":\"Sauberkeit mit Vertrauen und Sorgfalt.\",\"publisher\":{\"@id\":\"https:\\\/\\\/basreinigung.at\\\/#organization\"},\"potentialAction\":[{\"@type\":\"SearchAction\",\"target\":{\"@type\":\"EntryPoint\",\"urlTemplate\":\"https:\\\/\\\/basreinigung.at\\\/?s={search_term_string}\"},\"query-input\":{\"@type\":\"PropertyValueSpecification\",\"valueRequired\":true,\"valueName\":\"search_term_string\"}}],\"inLanguage\":\"en-US\"},{\"@type\":\"Organization\",\"@id\":\"https:\\\/\\\/basreinigung.at\\\/#organization\",\"name\":\"basreinigung.at\",\"url\":\"https:\\\/\\\/basreinigung.at\\\/\",\"logo\":{\"@type\":\"ImageObject\",\"inLanguage\":\"en-US\",\"@id\":\"https:\\\/\\\/basreinigung.at\\\/#\\\/schema\\\/logo\\\/image\\\/\",\"url\":\"https:\\\/\\\/basreinigung.at\\\/wp-content\\\/uploads\\\/2025\\\/12\\\/Untitled-1-scaled.png\",\"contentUrl\":\"https:\\\/\\\/basreinigung.at\\\/wp-content\\\/uploads\\\/2025\\\/12\\\/Untitled-1-scaled.png\",\"width\":2560,\"height\":1421,\"caption\":\"basreinigung.at\"},\"image\":{\"@id\":\"https:\\\/\\\/basreinigung.at\\\/#\\\/schema\\\/logo\\\/image\\\/\"}}]}<\/script>\n<!-- \/ Yoast SEO plugin. -->","yoast_head_json":{"title":"Baureinigung Graz | Bauendreinigung & Baugrobreinigung","description":"Baufertigstellung ohne Stress! Bas Deep Clean \u00fcbernimmt die professionelle Baureinigung und Glasreinigung nach Neubau oder Sanierung in Graz.","robots":{"index":"index","follow":"follow","max-snippet":"max-snippet:-1","max-image-preview":"max-image-preview:large","max-video-preview":"max-video-preview:-1"},"canonical":"https:\/\/basreinigung.at\/?page_id=2454","og_locale":"en_US","og_type":"article","og_title":"Baureinigung Graz | Bauendreinigung & Baugrobreinigung","og_description":"Baufertigstellung ohne Stress! Bas Deep Clean \u00fcbernimmt die professionelle Baureinigung und Glasreinigung nach Neubau oder Sanierung in Graz.","og_url":"https:\/\/basreinigung.at\/?page_id=2454","og_site_name":"basreinigung.at","article_modified_time":"2026-03-03T18:59:26+00:00","twitter_card":"summary_large_image","twitter_misc":{"Est. reading time":"1 minute"},"schema":{"@context":"https:\/\/schema.org","@graph":[{"@type":"WebPage","@id":"https:\/\/basreinigung.at\/?page_id=2454","url":"https:\/\/basreinigung.at\/?page_id=2454","name":"Baureinigung Graz | Bauendreinigung & Baugrobreinigung","isPartOf":{"@id":"https:\/\/basreinigung.at\/#website"},"datePublished":"2025-12-15T04:00:06+00:00","dateModified":"2026-03-03T18:59:26+00:00","description":"Baufertigstellung ohne Stress! Bas Deep Clean \u00fcbernimmt die professionelle Baureinigung und Glasreinigung nach Neubau oder Sanierung in Graz.","breadcrumb":{"@id":"https:\/\/basreinigung.at\/?page_id=2454#breadcrumb"},"inLanguage":"en-US","potentialAction":[{"@type":"ReadAction","target":["https:\/\/basreinigung.at\/?page_id=2454"]}]},{"@type":"BreadcrumbList","@id":"https:\/\/basreinigung.at\/?page_id=2454#breadcrumb","itemListElement":[{"@type":"ListItem","position":1,"name":"Home","item":"https:\/\/basreinigung.at\/"},{"@type":"ListItem","position":2,"name":"Unsere Leistungen","item":"https:\/\/basreinigung.at\/?page_id=2377"},{"@type":"ListItem","position":3,"name":"Geb\u00e4ude-&amp;Baureinigung"}]},{"@type":"WebSite","@id":"https:\/\/basreinigung.at\/#website","url":"https:\/\/basreinigung.at\/","name":"basreinigung.at","description":"Sauberkeit mit Vertrauen und Sorgfalt.","publisher":{"@id":"https:\/\/basreinigung.at\/#organization"},"potentialAction":[{"@type":"SearchAction","target":{"@type":"EntryPoint","urlTemplate":"https:\/\/basreinigung.at\/?s={search_term_string}"},"query-input":{"@type":"PropertyValueSpecification","valueRequired":true,"valueName":"search_term_string"}}],"inLanguage":"en-US"},{"@type":"Organization","@id":"https:\/\/basreinigung.at\/#organization","name":"basreinigung.at","url":"https:\/\/basreinigung.at\/","logo":{"@type":"ImageObject","inLanguage":"en-US","@id":"https:\/\/basreinigung.at\/#\/schema\/logo\/image\/","url":"https:\/\/basreinigung.at\/wp-content\/uploads\/2025\/12\/Untitled-1-scaled.png","contentUrl":"https:\/\/basreinigung.at\/wp-content\/uploads\/2025\/12\/Untitled-1-scaled.png","width":2560,"height":1421,"caption":"basreinigung.at"},"image":{"@id":"https:\/\/basreinigung.at\/#\/schema\/logo\/image\/"}}]}},"_links":{"self":[{"href":"https:\/\/basreinigung.at\/index.php?rest_route=\/wp\/v2\/pages\/2454","targetHints":{"allow":["GET"]}}],"collection":[{"href":"https:\/\/basreinigung.at\/index.php?rest_route=\/wp\/v2\/pages"}],"about":[{"href":"https:\/\/basreinigung.at\/index.php?rest_route=\/wp\/v2\/types\/page"}],"author":[{"embeddable":true,"href":"https:\/\/basreinigung.at\/index.php?rest_route=\/wp\/v2\/users\/1"}],"replies":[{"embeddable":true,"href":"https:\/\/basreinigung.at\/index.php?rest_route=%2Fwp%2Fv2%2Fcomments&post=2454"}],"version-history":[{"count":7,"href":"https:\/\/basreinigung.at\/index.php?rest_route=\/wp\/v2\/pages\/2454\/revisions"}],"predecessor-version":[{"id":2463,"href":"https:\/\/basreinigung.at\/index.php?rest_route=\/wp\/v2\/pages\/2454\/revisions\/2463"}],"up":[{"embeddable":true,"href":"https:\/\/basreinigung.at\/index.php?rest_route=\/wp\/v2\/pages\/2377"}],"wp:attachment":[{"href":"https:\/\/basreinigung.at\/index.php?rest_route=%2Fwp%2Fv2%2Fmedia&parent=2454"}],"curies":[{"name":"wp","href":"https:\/\/api.w.org\/{rel}","templated":true}]}}