{"id":2487,"date":"2025-12-15T04:11:18","date_gmt":"2025-12-15T04:11:18","guid":{"rendered":"https:\/\/basreinigung.at\/?page_id=2487"},"modified":"2026-03-03T19:02:39","modified_gmt":"2026-03-03T19:02:39","slug":"privathaushalt-wohnungsreinigung","status":"publish","type":"page","link":"https:\/\/basreinigung.at\/?page_id=2487","title":{"rendered":"Privathaushalt &amp; Wohnungsreinigung"},"content":{"rendered":"\t\t<div data-elementor-type=\"wp-page\" data-elementor-id=\"2487\" class=\"elementor elementor-2487\">\n\t\t\t\t<div class=\"elementor-element elementor-element-af32cb3 e-flex e-con-boxed e-con e-parent\" data-id=\"af32cb3\" data-element_type=\"container\" data-e-type=\"container\">\n\t\t\t\t\t<div class=\"e-con-inner\">\n\t\t<div class=\"elementor-element elementor-element-6c84d1e e-con-full e-flex e-con e-child\" data-id=\"6c84d1e\" data-element_type=\"container\" data-e-type=\"container\">\n\t\t<div class=\"elementor-element elementor-element-e50a709 e-con-full e-flex e-con e-child\" data-id=\"e50a709\" data-element_type=\"container\" data-e-type=\"container\" data-settings=\"{&quot;background_background&quot;:&quot;classic&quot;}\">\n\t\t\t\t<\/div>\n\t\t<div class=\"elementor-element elementor-element-be21446 e-con-full e-flex e-con e-child\" data-id=\"be21446\" data-element_type=\"container\" data-e-type=\"container\" data-settings=\"{&quot;background_background&quot;:&quot;classic&quot;}\">\n\t\t\t\t<div class=\"elementor-element elementor-element-5b02fa0 elementor-widget elementor-widget-heading\" data-id=\"5b02fa0\" data-element_type=\"widget\" data-e-type=\"widget\" data-widget_type=\"heading.default\">\n\t\t\t\t\t<h2 class=\"elementor-heading-title elementor-size-default\">Privathaushalt &amp; <br>Wohnungsreinigung<\/h2>\t\t\t\t<\/div>\n\t\t\t\t<\/div>\n\t\t\t\t<\/div>\n\t\t<div class=\"elementor-element elementor-element-2381cb4 e-con-full e-flex e-con e-child\" data-id=\"2381cb4\" data-element_type=\"container\" data-e-type=\"container\">\n\t\t\t\t<div class=\"elementor-element elementor-element-b318d83 elementor-widget elementor-widget-heading\" data-id=\"b318d83\" data-element_type=\"widget\" data-e-type=\"widget\" data-widget_type=\"heading.default\">\n\t\t\t\t\t<h2 class=\"elementor-heading-title elementor-size-default\">Einzelleistungen<\/h2>\t\t\t\t<\/div>\n\t\t\t\t<div class=\"elementor-element elementor-element-d6cac48 elementor-widget elementor-widget-text-editor\" data-id=\"d6cac48\" data-element_type=\"widget\" data-e-type=\"widget\" data-widget_type=\"text-editor.default\">\n\t\t\t\t\t\t\t\t\t<p>lle im Rahmen dieses Services angebotenen Einzelleistungen finden Sie unten.<\/p>\t\t\t\t\t\t\t\t<\/div>\n\t\t<div class=\"elementor-element elementor-element-77d4002 e-con-full e-flex e-con e-child\" data-id=\"77d4002\" data-element_type=\"container\" data-e-type=\"container\">\n\t\t<div class=\"elementor-element elementor-element-1670ab6 e-con-full e-flex e-con e-child\" data-id=\"1670ab6\" data-element_type=\"container\" data-e-type=\"container\" data-settings=\"{&quot;background_background&quot;:&quot;classic&quot;}\">\n\t\t<div class=\"elementor-element elementor-element-32a1b8a e-con-full e-flex e-con e-child\" data-id=\"32a1b8a\" data-element_type=\"container\" data-e-type=\"container\" data-settings=\"{&quot;background_background&quot;:&quot;classic&quot;}\">\n\t\t\t\t<\/div>\n\t\t<div class=\"elementor-element elementor-element-d0ff01e e-con-full e-flex e-con e-child\" data-id=\"d0ff01e\" data-element_type=\"container\" data-e-type=\"container\">\n\t\t\t\t<div class=\"elementor-element elementor-element-c83cde5 elementor-widget elementor-widget-heading\" data-id=\"c83cde5\" data-element_type=\"widget\" data-e-type=\"widget\" data-widget_type=\"heading.default\">\n\t\t\t\t\t<h2 class=\"elementor-heading-title elementor-size-default\">Hausreinigung<\/h2>\t\t\t\t<\/div>\n\t\t\t\t<div class=\"elementor-element elementor-element-c758e5b elementor-widget elementor-widget-text-editor\" data-id=\"c758e5b\" data-element_type=\"widget\" data-e-type=\"widget\" data-widget_type=\"text-editor.default\">\n\t\t\t\t\t\t\t\t\t<p>Regelm\u00e4\u00dfige Hausreinigung im t\u00e4glichen, w\u00f6chentlichen oder monatlichen Rhythmus.<\/p>\t\t\t\t\t\t\t\t<\/div>\n\t\t\t\t<\/div>\n\t\t\t\t<div class=\"elementor-element elementor-element-4f035a8 elementor-widget-divider--view-line elementor-widget elementor-widget-divider\" data-id=\"4f035a8\" data-element_type=\"widget\" data-e-type=\"widget\" data-widget_type=\"divider.default\">\n\t\t\t\t\t\t\t<div class=\"elementor-divider\">\n\t\t\t<span class=\"elementor-divider-separator\">\n\t\t\t\t\t\t<\/span>\n\t\t<\/div>\n\t\t\t\t\t\t<\/div>\n\t\t\t\t<\/div>\n\t\t<div class=\"elementor-element elementor-element-c455009 e-con-full e-flex e-con e-child\" data-id=\"c455009\" data-element_type=\"container\" data-e-type=\"container\" data-settings=\"{&quot;background_background&quot;:&quot;classic&quot;}\">\n\t\t<div class=\"elementor-element elementor-element-a212025 e-con-full e-flex e-con e-child\" data-id=\"a212025\" data-element_type=\"container\" data-e-type=\"container\" data-settings=\"{&quot;background_background&quot;:&quot;classic&quot;}\">\n\t\t\t\t<\/div>\n\t\t<div class=\"elementor-element elementor-element-b65227a e-con-full e-flex e-con e-child\" data-id=\"b65227a\" data-element_type=\"container\" data-e-type=\"container\">\n\t\t\t\t<div class=\"elementor-element elementor-element-ad0f1f7 elementor-widget elementor-widget-heading\" data-id=\"ad0f1f7\" data-element_type=\"widget\" data-e-type=\"widget\" data-widget_type=\"heading.default\">\n\t\t\t\t\t<h2 class=\"elementor-heading-title elementor-size-default\">Wohnungsreinigung<\/h2>\t\t\t\t<\/div>\n\t\t\t\t<div class=\"elementor-element elementor-element-dc68258 elementor-widget elementor-widget-text-editor\" data-id=\"dc68258\" data-element_type=\"widget\" data-e-type=\"widget\" data-widget_type=\"text-editor.default\">\n\t\t\t\t\t\t\t\t\t<p>Gr\u00fcndliche Wohnungsreinigung vor, nach oder w\u00e4hrend der Nutzung.<\/p>\t\t\t\t\t\t\t\t<\/div>\n\t\t\t\t<\/div>\n\t\t\t\t<div class=\"elementor-element elementor-element-3204b88 elementor-widget-divider--view-line elementor-widget elementor-widget-divider\" data-id=\"3204b88\" data-element_type=\"widget\" data-e-type=\"widget\" data-widget_type=\"divider.default\">\n\t\t\t\t\t\t\t<div class=\"elementor-divider\">\n\t\t\t<span class=\"elementor-divider-separator\">\n\t\t\t\t\t\t<\/span>\n\t\t<\/div>\n\t\t\t\t\t\t<\/div>\n\t\t\t\t<\/div>\n\t\t<div class=\"elementor-element elementor-element-27d7db9 e-con-full e-flex e-con e-child\" data-id=\"27d7db9\" data-element_type=\"container\" data-e-type=\"container\" data-settings=\"{&quot;background_background&quot;:&quot;classic&quot;}\">\n\t\t<div class=\"elementor-element elementor-element-47dce4a e-con-full e-flex e-con e-child\" data-id=\"47dce4a\" data-element_type=\"container\" data-e-type=\"container\" data-settings=\"{&quot;background_background&quot;:&quot;classic&quot;}\">\n\t\t\t\t<\/div>\n\t\t<div class=\"elementor-element elementor-element-a09c278 e-con-full e-flex e-con e-child\" data-id=\"a09c278\" data-element_type=\"container\" data-e-type=\"container\">\n\t\t\t\t<div class=\"elementor-element elementor-element-99dbbaf elementor-widget elementor-widget-heading\" data-id=\"99dbbaf\" data-element_type=\"widget\" data-e-type=\"widget\" data-widget_type=\"heading.default\">\n\t\t\t\t\t<h2 class=\"elementor-heading-title elementor-size-default\">Haushaltsaufl\u00f6sung<\/h2>\t\t\t\t<\/div>\n\t\t\t\t<div class=\"elementor-element elementor-element-26aeea3 elementor-widget elementor-widget-text-editor\" data-id=\"26aeea3\" data-element_type=\"widget\" data-e-type=\"widget\" data-widget_type=\"text-editor.default\">\n\t\t\t\t\t\t\t\t\t<p>Fachgerechte Entr\u00fcmpelung und Entfernung nicht ben\u00f6tigter Gegenst\u00e4nde.<\/p>\t\t\t\t\t\t\t\t<\/div>\n\t\t\t\t<\/div>\n\t\t\t\t<div class=\"elementor-element elementor-element-56762fd elementor-widget-divider--view-line elementor-widget elementor-widget-divider\" data-id=\"56762fd\" data-element_type=\"widget\" data-e-type=\"widget\" data-widget_type=\"divider.default\">\n\t\t\t\t\t\t\t<div class=\"elementor-divider\">\n\t\t\t<span class=\"elementor-divider-separator\">\n\t\t\t\t\t\t<\/span>\n\t\t<\/div>\n\t\t\t\t\t\t<\/div>\n\t\t\t\t<\/div>\n\t\t<div class=\"elementor-element elementor-element-73c0960 e-con-full e-flex e-con e-child\" data-id=\"73c0960\" data-element_type=\"container\" data-e-type=\"container\" data-settings=\"{&quot;background_background&quot;:&quot;classic&quot;}\">\n\t\t<div class=\"elementor-element elementor-element-269fb60 e-con-full e-flex e-con e-child\" data-id=\"269fb60\" data-element_type=\"container\" data-e-type=\"container\" data-settings=\"{&quot;background_background&quot;:&quot;classic&quot;}\">\n\t\t\t\t<\/div>\n\t\t<div class=\"elementor-element elementor-element-edf3637 e-con-full e-flex e-con e-child\" data-id=\"edf3637\" data-element_type=\"container\" data-e-type=\"container\">\n\t\t\t\t<div class=\"elementor-element elementor-element-a5cb56d elementor-widget elementor-widget-heading\" data-id=\"a5cb56d\" data-element_type=\"widget\" data-e-type=\"widget\" data-widget_type=\"heading.default\">\n\t\t\t\t\t<h2 class=\"elementor-heading-title elementor-size-default\">Nachlassr\u00e4umung<\/h2>\t\t\t\t<\/div>\n\t\t\t\t<div class=\"elementor-element elementor-element-d071209 elementor-widget elementor-widget-text-editor\" data-id=\"d071209\" data-element_type=\"widget\" data-e-type=\"widget\" data-widget_type=\"text-editor.default\">\n\t\t\t\t\t\t\t\t\t<p>Diskrete und professionelle R\u00e4umung im Rahmen eines Nachlasses.<\/p>\t\t\t\t\t\t\t\t<\/div>\n\t\t\t\t<\/div>\n\t\t\t\t<div class=\"elementor-element elementor-element-5943240 elementor-widget-divider--view-line elementor-widget elementor-widget-divider\" data-id=\"5943240\" data-element_type=\"widget\" data-e-type=\"widget\" data-widget_type=\"divider.default\">\n\t\t\t\t\t\t\t<div class=\"elementor-divider\">\n\t\t\t<span class=\"elementor-divider-separator\">\n\t\t\t\t\t\t<\/span>\n\t\t<\/div>\n\t\t\t\t\t\t<\/div>\n\t\t\t\t<\/div>\n\t\t\t\t<\/div>\n\t\t\t\t<\/div>\n\t\t\t\t\t<\/div>\n\t\t\t\t<\/div>\n\t\t\t\t<\/div>\n\t\t","protected":false},"excerpt":{"rendered":"<p>Privathaushalt &amp; Wohnungsreinigung Einzelleistungen lle im Rahmen dieses Services angebotenen Einzelleistungen finden Sie unten. Hausreinigung Regelm\u00e4\u00dfige Hausreinigung im t\u00e4glichen, w\u00f6chentlichen oder monatlichen Rhythmus. Wohnungsreinigung Gr\u00fcndliche Wohnungsreinigung vor, nach oder w\u00e4hrend der Nutzung. Haushaltsaufl\u00f6sung Fachgerechte Entr\u00fcmpelung und Entfernung nicht ben\u00f6tigter Gegenst\u00e4nde. Nachlassr\u00e4umung Diskrete und professionelle R\u00e4umung im Rahmen eines Nachlasses.<\/p>\n","protected":false},"author":1,"featured_media":0,"parent":2377,"menu_order":0,"comment_status":"closed","ping_status":"closed","template":"elementor_header_footer","meta":{"footnotes":""},"class_list":["post-2487","page","type-page","status-publish","hentry"],"yoast_head":"<!-- This site is optimized with the Yoast SEO plugin v27.4 - https:\/\/yoast.com\/product\/yoast-seo-wordpress\/ -->\n<title>Wohnungsreinigung Graz | Private Haushaltsreinigung<\/title>\n<meta name=\"description\" content=\"Genie\u00dfen Sie Ihre Freizeit! Wir \u00fcbernehmen die professionelle Reinigung Ihres Privathaushalts in Graz. Vertrauensw\u00fcrdig, gr\u00fcndlich und diskret.\" \/>\n<meta name=\"robots\" content=\"index, follow, max-snippet:-1, max-image-preview:large, max-video-preview:-1\" \/>\n<link rel=\"canonical\" href=\"https:\/\/basreinigung.at\/?page_id=2487\" \/>\n<meta property=\"og:locale\" content=\"en_US\" \/>\n<meta property=\"og:type\" content=\"article\" \/>\n<meta property=\"og:title\" content=\"Wohnungsreinigung Graz | Private Haushaltsreinigung\" \/>\n<meta property=\"og:description\" content=\"Genie\u00dfen Sie Ihre Freizeit! Wir \u00fcbernehmen die professionelle Reinigung Ihres Privathaushalts in Graz. Vertrauensw\u00fcrdig, gr\u00fcndlich und diskret.\" \/>\n<meta property=\"og:url\" content=\"https:\/\/basreinigung.at\/?page_id=2487\" \/>\n<meta property=\"og:site_name\" content=\"basreinigung.at\" \/>\n<meta property=\"article:modified_time\" content=\"2026-03-03T19:02:39+00:00\" \/>\n<meta name=\"twitter:card\" content=\"summary_large_image\" \/>\n<meta name=\"twitter:label1\" content=\"Est. reading time\" \/>\n\t<meta name=\"twitter:data1\" content=\"1 minute\" \/>\n<script type=\"application\/ld+json\" class=\"yoast-schema-graph\">{\"@context\":\"https:\\\/\\\/schema.org\",\"@graph\":[{\"@type\":\"WebPage\",\"@id\":\"https:\\\/\\\/basreinigung.at\\\/?page_id=2487\",\"url\":\"https:\\\/\\\/basreinigung.at\\\/?page_id=2487\",\"name\":\"Wohnungsreinigung Graz | Private Haushaltsreinigung\",\"isPartOf\":{\"@id\":\"https:\\\/\\\/basreinigung.at\\\/#website\"},\"datePublished\":\"2025-12-15T04:11:18+00:00\",\"dateModified\":\"2026-03-03T19:02:39+00:00\",\"description\":\"Genie\u00dfen Sie Ihre Freizeit! Wir \u00fcbernehmen die professionelle Reinigung Ihres Privathaushalts in Graz. Vertrauensw\u00fcrdig, gr\u00fcndlich und diskret.\",\"breadcrumb\":{\"@id\":\"https:\\\/\\\/basreinigung.at\\\/?page_id=2487#breadcrumb\"},\"inLanguage\":\"en-US\",\"potentialAction\":[{\"@type\":\"ReadAction\",\"target\":[\"https:\\\/\\\/basreinigung.at\\\/?page_id=2487\"]}]},{\"@type\":\"BreadcrumbList\",\"@id\":\"https:\\\/\\\/basreinigung.at\\\/?page_id=2487#breadcrumb\",\"itemListElement\":[{\"@type\":\"ListItem\",\"position\":1,\"name\":\"Home\",\"item\":\"https:\\\/\\\/basreinigung.at\\\/\"},{\"@type\":\"ListItem\",\"position\":2,\"name\":\"Unsere Leistungen\",\"item\":\"https:\\\/\\\/basreinigung.at\\\/?page_id=2377\"},{\"@type\":\"ListItem\",\"position\":3,\"name\":\"Privathaushalt &amp; Wohnungsreinigung\"}]},{\"@type\":\"WebSite\",\"@id\":\"https:\\\/\\\/basreinigung.at\\\/#website\",\"url\":\"https:\\\/\\\/basreinigung.at\\\/\",\"name\":\"basreinigung.at\",\"description\":\"Sauberkeit mit Vertrauen und Sorgfalt.\",\"publisher\":{\"@id\":\"https:\\\/\\\/basreinigung.at\\\/#organization\"},\"potentialAction\":[{\"@type\":\"SearchAction\",\"target\":{\"@type\":\"EntryPoint\",\"urlTemplate\":\"https:\\\/\\\/basreinigung.at\\\/?s={search_term_string}\"},\"query-input\":{\"@type\":\"PropertyValueSpecification\",\"valueRequired\":true,\"valueName\":\"search_term_string\"}}],\"inLanguage\":\"en-US\"},{\"@type\":\"Organization\",\"@id\":\"https:\\\/\\\/basreinigung.at\\\/#organization\",\"name\":\"basreinigung.at\",\"url\":\"https:\\\/\\\/basreinigung.at\\\/\",\"logo\":{\"@type\":\"ImageObject\",\"inLanguage\":\"en-US\",\"@id\":\"https:\\\/\\\/basreinigung.at\\\/#\\\/schema\\\/logo\\\/image\\\/\",\"url\":\"https:\\\/\\\/basreinigung.at\\\/wp-content\\\/uploads\\\/2025\\\/12\\\/Untitled-1-scaled.png\",\"contentUrl\":\"https:\\\/\\\/basreinigung.at\\\/wp-content\\\/uploads\\\/2025\\\/12\\\/Untitled-1-scaled.png\",\"width\":2560,\"height\":1421,\"caption\":\"basreinigung.at\"},\"image\":{\"@id\":\"https:\\\/\\\/basreinigung.at\\\/#\\\/schema\\\/logo\\\/image\\\/\"}}]}<\/script>\n<!-- \/ Yoast SEO plugin. -->","yoast_head_json":{"title":"Wohnungsreinigung Graz | Private Haushaltsreinigung","description":"Genie\u00dfen Sie Ihre Freizeit! Wir \u00fcbernehmen die professionelle Reinigung Ihres Privathaushalts in Graz. Vertrauensw\u00fcrdig, gr\u00fcndlich und diskret.","robots":{"index":"index","follow":"follow","max-snippet":"max-snippet:-1","max-image-preview":"max-image-preview:large","max-video-preview":"max-video-preview:-1"},"canonical":"https:\/\/basreinigung.at\/?page_id=2487","og_locale":"en_US","og_type":"article","og_title":"Wohnungsreinigung Graz | Private Haushaltsreinigung","og_description":"Genie\u00dfen Sie Ihre Freizeit! Wir \u00fcbernehmen die professionelle Reinigung Ihres Privathaushalts in Graz. Vertrauensw\u00fcrdig, gr\u00fcndlich und diskret.","og_url":"https:\/\/basreinigung.at\/?page_id=2487","og_site_name":"basreinigung.at","article_modified_time":"2026-03-03T19:02:39+00:00","twitter_card":"summary_large_image","twitter_misc":{"Est. reading time":"1 minute"},"schema":{"@context":"https:\/\/schema.org","@graph":[{"@type":"WebPage","@id":"https:\/\/basreinigung.at\/?page_id=2487","url":"https:\/\/basreinigung.at\/?page_id=2487","name":"Wohnungsreinigung Graz | Private Haushaltsreinigung","isPartOf":{"@id":"https:\/\/basreinigung.at\/#website"},"datePublished":"2025-12-15T04:11:18+00:00","dateModified":"2026-03-03T19:02:39+00:00","description":"Genie\u00dfen Sie Ihre Freizeit! Wir \u00fcbernehmen die professionelle Reinigung Ihres Privathaushalts in Graz. Vertrauensw\u00fcrdig, gr\u00fcndlich und diskret.","breadcrumb":{"@id":"https:\/\/basreinigung.at\/?page_id=2487#breadcrumb"},"inLanguage":"en-US","potentialAction":[{"@type":"ReadAction","target":["https:\/\/basreinigung.at\/?page_id=2487"]}]},{"@type":"BreadcrumbList","@id":"https:\/\/basreinigung.at\/?page_id=2487#breadcrumb","itemListElement":[{"@type":"ListItem","position":1,"name":"Home","item":"https:\/\/basreinigung.at\/"},{"@type":"ListItem","position":2,"name":"Unsere Leistungen","item":"https:\/\/basreinigung.at\/?page_id=2377"},{"@type":"ListItem","position":3,"name":"Privathaushalt &amp; Wohnungsreinigung"}]},{"@type":"WebSite","@id":"https:\/\/basreinigung.at\/#website","url":"https:\/\/basreinigung.at\/","name":"basreinigung.at","description":"Sauberkeit mit Vertrauen und Sorgfalt.","publisher":{"@id":"https:\/\/basreinigung.at\/#organization"},"potentialAction":[{"@type":"SearchAction","target":{"@type":"EntryPoint","urlTemplate":"https:\/\/basreinigung.at\/?s={search_term_string}"},"query-input":{"@type":"PropertyValueSpecification","valueRequired":true,"valueName":"search_term_string"}}],"inLanguage":"en-US"},{"@type":"Organization","@id":"https:\/\/basreinigung.at\/#organization","name":"basreinigung.at","url":"https:\/\/basreinigung.at\/","logo":{"@type":"ImageObject","inLanguage":"en-US","@id":"https:\/\/basreinigung.at\/#\/schema\/logo\/image\/","url":"https:\/\/basreinigung.at\/wp-content\/uploads\/2025\/12\/Untitled-1-scaled.png","contentUrl":"https:\/\/basreinigung.at\/wp-content\/uploads\/2025\/12\/Untitled-1-scaled.png","width":2560,"height":1421,"caption":"basreinigung.at"},"image":{"@id":"https:\/\/basreinigung.at\/#\/schema\/logo\/image\/"}}]}},"_links":{"self":[{"href":"https:\/\/basreinigung.at\/index.php?rest_route=\/wp\/v2\/pages\/2487","targetHints":{"allow":["GET"]}}],"collection":[{"href":"https:\/\/basreinigung.at\/index.php?rest_route=\/wp\/v2\/pages"}],"about":[{"href":"https:\/\/basreinigung.at\/index.php?rest_route=\/wp\/v2\/types\/page"}],"author":[{"embeddable":true,"href":"https:\/\/basreinigung.at\/index.php?rest_route=\/wp\/v2\/users\/1"}],"replies":[{"embeddable":true,"href":"https:\/\/basreinigung.at\/index.php?rest_route=%2Fwp%2Fv2%2Fcomments&post=2487"}],"version-history":[{"count":7,"href":"https:\/\/basreinigung.at\/index.php?rest_route=\/wp\/v2\/pages\/2487\/revisions"}],"predecessor-version":[{"id":2495,"href":"https:\/\/basreinigung.at\/index.php?rest_route=\/wp\/v2\/pages\/2487\/revisions\/2495"}],"up":[{"embeddable":true,"href":"https:\/\/basreinigung.at\/index.php?rest_route=\/wp\/v2\/pages\/2377"}],"wp:attachment":[{"href":"https:\/\/basreinigung.at\/index.php?rest_route=%2Fwp%2Fv2%2Fmedia&parent=2487"}],"curies":[{"name":"wp","href":"https:\/\/api.w.org\/{rel}","templated":true}]}}