{"id":2496,"date":"2025-12-15T04:28:24","date_gmt":"2025-12-15T04:28:24","guid":{"rendered":"https:\/\/basreinigung.at\/?page_id=2496"},"modified":"2026-03-03T19:03:03","modified_gmt":"2026-03-03T19:03:03","slug":"speziellereinigungsservices","status":"publish","type":"page","link":"https:\/\/basreinigung.at\/?page_id=2496","title":{"rendered":"SpezielleReinigungsservices"},"content":{"rendered":"\t\t<div data-elementor-type=\"wp-page\" data-elementor-id=\"2496\" class=\"elementor elementor-2496\">\n\t\t\t\t<div class=\"elementor-element elementor-element-d875f51 e-flex e-con-boxed e-con e-parent\" data-id=\"d875f51\" data-element_type=\"container\" data-e-type=\"container\">\n\t\t\t\t\t<div class=\"e-con-inner\">\n\t\t<div class=\"elementor-element elementor-element-7b6d637 e-con-full e-flex e-con e-child\" data-id=\"7b6d637\" data-element_type=\"container\" data-e-type=\"container\">\n\t\t<div class=\"elementor-element elementor-element-74e75ad e-con-full e-flex e-con e-child\" data-id=\"74e75ad\" data-element_type=\"container\" data-e-type=\"container\" data-settings=\"{&quot;background_background&quot;:&quot;classic&quot;}\">\n\t\t\t\t<\/div>\n\t\t<div class=\"elementor-element elementor-element-0d4d420 e-con-full e-flex e-con e-child\" data-id=\"0d4d420\" data-element_type=\"container\" data-e-type=\"container\" data-settings=\"{&quot;background_background&quot;:&quot;classic&quot;}\">\n\t\t\t\t<div class=\"elementor-element elementor-element-14b87ed elementor-widget elementor-widget-heading\" data-id=\"14b87ed\" data-element_type=\"widget\" data-e-type=\"widget\" data-widget_type=\"heading.default\">\n\t\t\t\t\t<h2 class=\"elementor-heading-title elementor-size-default\">Spezielle \nReinigungsservices<\/h2>\t\t\t\t<\/div>\n\t\t\t\t<\/div>\n\t\t\t\t<\/div>\n\t\t<div class=\"elementor-element elementor-element-8c0879b e-con-full e-flex e-con e-child\" data-id=\"8c0879b\" data-element_type=\"container\" data-e-type=\"container\">\n\t\t\t\t<div class=\"elementor-element elementor-element-a28b3c9 elementor-widget elementor-widget-heading\" data-id=\"a28b3c9\" data-element_type=\"widget\" data-e-type=\"widget\" data-widget_type=\"heading.default\">\n\t\t\t\t\t<h2 class=\"elementor-heading-title elementor-size-default\">Einzelleistungen<\/h2>\t\t\t\t<\/div>\n\t\t\t\t<div class=\"elementor-element elementor-element-f4808bb elementor-widget elementor-widget-text-editor\" data-id=\"f4808bb\" data-element_type=\"widget\" data-e-type=\"widget\" data-widget_type=\"text-editor.default\">\n\t\t\t\t\t\t\t\t\t<p>lle im Rahmen dieses Services angebotenen Einzelleistungen finden Sie unten.<\/p>\t\t\t\t\t\t\t\t<\/div>\n\t\t<div class=\"elementor-element elementor-element-a5c825e e-con-full e-flex e-con e-child\" data-id=\"a5c825e\" data-element_type=\"container\" data-e-type=\"container\">\n\t\t<div class=\"elementor-element elementor-element-b7fc95c e-con-full e-flex e-con e-child\" data-id=\"b7fc95c\" data-element_type=\"container\" data-e-type=\"container\" data-settings=\"{&quot;background_background&quot;:&quot;classic&quot;}\">\n\t\t<div class=\"elementor-element elementor-element-1ee1461 e-con-full e-flex e-con e-child\" data-id=\"1ee1461\" data-element_type=\"container\" data-e-type=\"container\" data-settings=\"{&quot;background_background&quot;:&quot;classic&quot;}\">\n\t\t\t\t<\/div>\n\t\t<div class=\"elementor-element elementor-element-dac094e e-con-full e-flex e-con e-child\" data-id=\"dac094e\" data-element_type=\"container\" data-e-type=\"container\">\n\t\t\t\t<div class=\"elementor-element elementor-element-b62678e elementor-widget elementor-widget-heading\" data-id=\"b62678e\" data-element_type=\"widget\" data-e-type=\"widget\" data-widget_type=\"heading.default\">\n\t\t\t\t\t<h2 class=\"elementor-heading-title elementor-size-default\">Fensterreinigung<\/h2>\t\t\t\t<\/div>\n\t\t\t\t<div class=\"elementor-element elementor-element-a514599 elementor-widget elementor-widget-text-editor\" data-id=\"a514599\" data-element_type=\"widget\" data-e-type=\"widget\" data-widget_type=\"text-editor.default\">\n\t\t\t\t\t\t\t\t\t<p>Streifenfreie Reinigung aller Innen- und Au\u00dfenfenster.<\/p>\t\t\t\t\t\t\t\t<\/div>\n\t\t\t\t<\/div>\n\t\t\t\t<div class=\"elementor-element elementor-element-e7ccd9e elementor-widget-divider--view-line elementor-widget elementor-widget-divider\" data-id=\"e7ccd9e\" data-element_type=\"widget\" data-e-type=\"widget\" data-widget_type=\"divider.default\">\n\t\t\t\t\t\t\t<div class=\"elementor-divider\">\n\t\t\t<span class=\"elementor-divider-separator\">\n\t\t\t\t\t\t<\/span>\n\t\t<\/div>\n\t\t\t\t\t\t<\/div>\n\t\t\t\t<\/div>\n\t\t<div class=\"elementor-element elementor-element-cc8b431 e-con-full e-flex e-con e-child\" data-id=\"cc8b431\" data-element_type=\"container\" data-e-type=\"container\" data-settings=\"{&quot;background_background&quot;:&quot;classic&quot;}\">\n\t\t<div class=\"elementor-element elementor-element-9117ad7 e-con-full e-flex e-con e-child\" data-id=\"9117ad7\" data-element_type=\"container\" data-e-type=\"container\" data-settings=\"{&quot;background_background&quot;:&quot;classic&quot;}\">\n\t\t\t\t<\/div>\n\t\t<div class=\"elementor-element elementor-element-9e83558 e-con-full e-flex e-con e-child\" data-id=\"9e83558\" data-element_type=\"container\" data-e-type=\"container\">\n\t\t\t\t<div class=\"elementor-element elementor-element-bad0a56 elementor-widget elementor-widget-heading\" data-id=\"bad0a56\" data-element_type=\"widget\" data-e-type=\"widget\" data-widget_type=\"heading.default\">\n\t\t\t\t\t<h2 class=\"elementor-heading-title elementor-size-default\">Bodenreinigung<\/h2>\t\t\t\t<\/div>\n\t\t\t\t<div class=\"elementor-element elementor-element-c1b083c elementor-widget elementor-widget-text-editor\" data-id=\"c1b083c\" data-element_type=\"widget\" data-e-type=\"widget\" data-widget_type=\"text-editor.default\">\n\t\t\t\t\t\t\t\t\t<p>Fachgerechte Pflege aller Bodenarten \u2013 Parkett, Stein, Fliesen u.a.<\/p>\t\t\t\t\t\t\t\t<\/div>\n\t\t\t\t<\/div>\n\t\t\t\t<div class=\"elementor-element elementor-element-584d384 elementor-widget-divider--view-line elementor-widget elementor-widget-divider\" data-id=\"584d384\" data-element_type=\"widget\" data-e-type=\"widget\" data-widget_type=\"divider.default\">\n\t\t\t\t\t\t\t<div class=\"elementor-divider\">\n\t\t\t<span class=\"elementor-divider-separator\">\n\t\t\t\t\t\t<\/span>\n\t\t<\/div>\n\t\t\t\t\t\t<\/div>\n\t\t\t\t<\/div>\n\t\t<div class=\"elementor-element elementor-element-220d8b7 e-con-full e-flex e-con e-child\" data-id=\"220d8b7\" data-element_type=\"container\" data-e-type=\"container\" data-settings=\"{&quot;background_background&quot;:&quot;classic&quot;}\">\n\t\t<div class=\"elementor-element elementor-element-54ab665 e-con-full e-flex e-con e-child\" data-id=\"54ab665\" data-element_type=\"container\" data-e-type=\"container\" data-settings=\"{&quot;background_background&quot;:&quot;classic&quot;}\">\n\t\t\t\t<\/div>\n\t\t<div class=\"elementor-element elementor-element-8086f5e e-con-full e-flex e-con e-child\" data-id=\"8086f5e\" data-element_type=\"container\" data-e-type=\"container\">\n\t\t\t\t<div class=\"elementor-element elementor-element-425e4d2 elementor-widget elementor-widget-heading\" data-id=\"425e4d2\" data-element_type=\"widget\" data-e-type=\"widget\" data-widget_type=\"heading.default\">\n\t\t\t\t\t<h2 class=\"elementor-heading-title elementor-size-default\">Kellerreinigung<\/h2>\t\t\t\t<\/div>\n\t\t\t\t<div class=\"elementor-element elementor-element-d079682 elementor-widget elementor-widget-text-editor\" data-id=\"d079682\" data-element_type=\"widget\" data-e-type=\"widget\" data-widget_type=\"text-editor.default\">\n\t\t\t\t\t\t\t\t\t<p>Reinigung von Kellerr\u00e4umen inklusive Staub-, Schmutz- und Feuchtigkeitsentfernung.<\/p>\t\t\t\t\t\t\t\t<\/div>\n\t\t\t\t<\/div>\n\t\t\t\t<div class=\"elementor-element elementor-element-5fa4cf9 elementor-widget-divider--view-line elementor-widget elementor-widget-divider\" data-id=\"5fa4cf9\" data-element_type=\"widget\" data-e-type=\"widget\" data-widget_type=\"divider.default\">\n\t\t\t\t\t\t\t<div class=\"elementor-divider\">\n\t\t\t<span class=\"elementor-divider-separator\">\n\t\t\t\t\t\t<\/span>\n\t\t<\/div>\n\t\t\t\t\t\t<\/div>\n\t\t\t\t<\/div>\n\t\t<div class=\"elementor-element elementor-element-a86fba4 e-con-full e-flex e-con e-child\" data-id=\"a86fba4\" data-element_type=\"container\" data-e-type=\"container\" data-settings=\"{&quot;background_background&quot;:&quot;classic&quot;}\">\n\t\t<div class=\"elementor-element elementor-element-ffb9861 e-con-full e-flex e-con e-child\" data-id=\"ffb9861\" data-element_type=\"container\" data-e-type=\"container\" data-settings=\"{&quot;background_background&quot;:&quot;classic&quot;}\">\n\t\t\t\t<\/div>\n\t\t<div class=\"elementor-element elementor-element-9e7b979 e-con-full e-flex e-con e-child\" data-id=\"9e7b979\" data-element_type=\"container\" data-e-type=\"container\">\n\t\t\t\t<div class=\"elementor-element elementor-element-15f7cae elementor-widget elementor-widget-heading\" data-id=\"15f7cae\" data-element_type=\"widget\" data-e-type=\"widget\" data-widget_type=\"heading.default\">\n\t\t\t\t\t<h2 class=\"elementor-heading-title elementor-size-default\">Gartenreinigung<\/h2>\t\t\t\t<\/div>\n\t\t\t\t<div class=\"elementor-element elementor-element-2ea9552 elementor-widget elementor-widget-text-editor\" data-id=\"2ea9552\" data-element_type=\"widget\" data-e-type=\"widget\" data-widget_type=\"text-editor.default\">\n\t\t\t\t\t\t\t\t\t<p>Pflege und Reinigung von Garten- und Au\u00dfenbereichen.<\/p>\t\t\t\t\t\t\t\t<\/div>\n\t\t\t\t<\/div>\n\t\t\t\t<div class=\"elementor-element elementor-element-a414bc3 elementor-widget-divider--view-line elementor-widget elementor-widget-divider\" data-id=\"a414bc3\" data-element_type=\"widget\" data-e-type=\"widget\" data-widget_type=\"divider.default\">\n\t\t\t\t\t\t\t<div class=\"elementor-divider\">\n\t\t\t<span class=\"elementor-divider-separator\">\n\t\t\t\t\t\t<\/span>\n\t\t<\/div>\n\t\t\t\t\t\t<\/div>\n\t\t\t\t<\/div>\n\t\t\t\t<\/div>\n\t\t\t\t<\/div>\n\t\t\t\t\t<\/div>\n\t\t\t\t<\/div>\n\t\t\t\t<\/div>\n\t\t","protected":false},"excerpt":{"rendered":"<p>Spezielle Reinigungsservices Einzelleistungen lle im Rahmen dieses Services angebotenen Einzelleistungen finden Sie unten. Fensterreinigung Streifenfreie Reinigung aller Innen- und Au\u00dfenfenster. Bodenreinigung Fachgerechte Pflege aller Bodenarten \u2013 Parkett, Stein, Fliesen u.a. Kellerreinigung Reinigung von Kellerr\u00e4umen inklusive Staub-, Schmutz- und Feuchtigkeitsentfernung. Gartenreinigung Pflege und Reinigung von Garten- und Au\u00dfenbereichen.<\/p>\n","protected":false},"author":1,"featured_media":0,"parent":2377,"menu_order":0,"comment_status":"closed","ping_status":"closed","template":"elementor_header_footer","meta":{"footnotes":""},"class_list":["post-2496","page","type-page","status-publish","hentry"],"yoast_head":"<!-- This site is optimized with the Yoast SEO plugin v27.4 - https:\/\/yoast.com\/product\/yoast-seo-wordpress\/ -->\n<title>Sonderreinigung Graz | Spezialreinigung Bas Deep Clean<\/title>\n<meta name=\"description\" content=\"Ob Teppiche, Polster oder Fassaden \u2013 wir bieten spezialisierte Reinigungsl\u00f6sungen f\u00fcr hartn\u00e4ckigen Schmutz in Graz und Umgebung.\" \/>\n<meta name=\"robots\" content=\"index, follow, max-snippet:-1, max-image-preview:large, max-video-preview:-1\" \/>\n<link rel=\"canonical\" href=\"https:\/\/basreinigung.at\/?page_id=2496\" \/>\n<meta property=\"og:locale\" content=\"en_US\" \/>\n<meta property=\"og:type\" content=\"article\" \/>\n<meta property=\"og:title\" content=\"Sonderreinigung Graz | Spezialreinigung Bas Deep Clean\" \/>\n<meta property=\"og:description\" content=\"Ob Teppiche, Polster oder Fassaden \u2013 wir bieten spezialisierte Reinigungsl\u00f6sungen f\u00fcr hartn\u00e4ckigen Schmutz in Graz und Umgebung.\" \/>\n<meta property=\"og:url\" content=\"https:\/\/basreinigung.at\/?page_id=2496\" \/>\n<meta property=\"og:site_name\" content=\"basreinigung.at\" \/>\n<meta property=\"article:modified_time\" content=\"2026-03-03T19:03:03+00:00\" \/>\n<meta name=\"twitter:card\" content=\"summary_large_image\" \/>\n<meta name=\"twitter:label1\" content=\"Est. reading time\" \/>\n\t<meta name=\"twitter:data1\" content=\"1 minute\" \/>\n<script type=\"application\/ld+json\" class=\"yoast-schema-graph\">{\"@context\":\"https:\\\/\\\/schema.org\",\"@graph\":[{\"@type\":\"WebPage\",\"@id\":\"https:\\\/\\\/basreinigung.at\\\/?page_id=2496\",\"url\":\"https:\\\/\\\/basreinigung.at\\\/?page_id=2496\",\"name\":\"Sonderreinigung Graz | Spezialreinigung Bas Deep Clean\",\"isPartOf\":{\"@id\":\"https:\\\/\\\/basreinigung.at\\\/#website\"},\"datePublished\":\"2025-12-15T04:28:24+00:00\",\"dateModified\":\"2026-03-03T19:03:03+00:00\",\"description\":\"Ob Teppiche, Polster oder Fassaden \u2013 wir bieten spezialisierte Reinigungsl\u00f6sungen f\u00fcr hartn\u00e4ckigen Schmutz in Graz und Umgebung.\",\"breadcrumb\":{\"@id\":\"https:\\\/\\\/basreinigung.at\\\/?page_id=2496#breadcrumb\"},\"inLanguage\":\"en-US\",\"potentialAction\":[{\"@type\":\"ReadAction\",\"target\":[\"https:\\\/\\\/basreinigung.at\\\/?page_id=2496\"]}]},{\"@type\":\"BreadcrumbList\",\"@id\":\"https:\\\/\\\/basreinigung.at\\\/?page_id=2496#breadcrumb\",\"itemListElement\":[{\"@type\":\"ListItem\",\"position\":1,\"name\":\"Home\",\"item\":\"https:\\\/\\\/basreinigung.at\\\/\"},{\"@type\":\"ListItem\",\"position\":2,\"name\":\"Unsere Leistungen\",\"item\":\"https:\\\/\\\/basreinigung.at\\\/?page_id=2377\"},{\"@type\":\"ListItem\",\"position\":3,\"name\":\"SpezielleReinigungsservices\"}]},{\"@type\":\"WebSite\",\"@id\":\"https:\\\/\\\/basreinigung.at\\\/#website\",\"url\":\"https:\\\/\\\/basreinigung.at\\\/\",\"name\":\"basreinigung.at\",\"description\":\"Sauberkeit mit Vertrauen und Sorgfalt.\",\"publisher\":{\"@id\":\"https:\\\/\\\/basreinigung.at\\\/#organization\"},\"potentialAction\":[{\"@type\":\"SearchAction\",\"target\":{\"@type\":\"EntryPoint\",\"urlTemplate\":\"https:\\\/\\\/basreinigung.at\\\/?s={search_term_string}\"},\"query-input\":{\"@type\":\"PropertyValueSpecification\",\"valueRequired\":true,\"valueName\":\"search_term_string\"}}],\"inLanguage\":\"en-US\"},{\"@type\":\"Organization\",\"@id\":\"https:\\\/\\\/basreinigung.at\\\/#organization\",\"name\":\"basreinigung.at\",\"url\":\"https:\\\/\\\/basreinigung.at\\\/\",\"logo\":{\"@type\":\"ImageObject\",\"inLanguage\":\"en-US\",\"@id\":\"https:\\\/\\\/basreinigung.at\\\/#\\\/schema\\\/logo\\\/image\\\/\",\"url\":\"https:\\\/\\\/basreinigung.at\\\/wp-content\\\/uploads\\\/2025\\\/12\\\/Untitled-1-scaled.png\",\"contentUrl\":\"https:\\\/\\\/basreinigung.at\\\/wp-content\\\/uploads\\\/2025\\\/12\\\/Untitled-1-scaled.png\",\"width\":2560,\"height\":1421,\"caption\":\"basreinigung.at\"},\"image\":{\"@id\":\"https:\\\/\\\/basreinigung.at\\\/#\\\/schema\\\/logo\\\/image\\\/\"}}]}<\/script>\n<!-- \/ Yoast SEO plugin. -->","yoast_head_json":{"title":"Sonderreinigung Graz | Spezialreinigung Bas Deep Clean","description":"Ob Teppiche, Polster oder Fassaden \u2013 wir bieten spezialisierte Reinigungsl\u00f6sungen f\u00fcr hartn\u00e4ckigen Schmutz in Graz und Umgebung.","robots":{"index":"index","follow":"follow","max-snippet":"max-snippet:-1","max-image-preview":"max-image-preview:large","max-video-preview":"max-video-preview:-1"},"canonical":"https:\/\/basreinigung.at\/?page_id=2496","og_locale":"en_US","og_type":"article","og_title":"Sonderreinigung Graz | Spezialreinigung Bas Deep Clean","og_description":"Ob Teppiche, Polster oder Fassaden \u2013 wir bieten spezialisierte Reinigungsl\u00f6sungen f\u00fcr hartn\u00e4ckigen Schmutz in Graz und Umgebung.","og_url":"https:\/\/basreinigung.at\/?page_id=2496","og_site_name":"basreinigung.at","article_modified_time":"2026-03-03T19:03:03+00:00","twitter_card":"summary_large_image","twitter_misc":{"Est. reading time":"1 minute"},"schema":{"@context":"https:\/\/schema.org","@graph":[{"@type":"WebPage","@id":"https:\/\/basreinigung.at\/?page_id=2496","url":"https:\/\/basreinigung.at\/?page_id=2496","name":"Sonderreinigung Graz | Spezialreinigung Bas Deep Clean","isPartOf":{"@id":"https:\/\/basreinigung.at\/#website"},"datePublished":"2025-12-15T04:28:24+00:00","dateModified":"2026-03-03T19:03:03+00:00","description":"Ob Teppiche, Polster oder Fassaden \u2013 wir bieten spezialisierte Reinigungsl\u00f6sungen f\u00fcr hartn\u00e4ckigen Schmutz in Graz und Umgebung.","breadcrumb":{"@id":"https:\/\/basreinigung.at\/?page_id=2496#breadcrumb"},"inLanguage":"en-US","potentialAction":[{"@type":"ReadAction","target":["https:\/\/basreinigung.at\/?page_id=2496"]}]},{"@type":"BreadcrumbList","@id":"https:\/\/basreinigung.at\/?page_id=2496#breadcrumb","itemListElement":[{"@type":"ListItem","position":1,"name":"Home","item":"https:\/\/basreinigung.at\/"},{"@type":"ListItem","position":2,"name":"Unsere Leistungen","item":"https:\/\/basreinigung.at\/?page_id=2377"},{"@type":"ListItem","position":3,"name":"SpezielleReinigungsservices"}]},{"@type":"WebSite","@id":"https:\/\/basreinigung.at\/#website","url":"https:\/\/basreinigung.at\/","name":"basreinigung.at","description":"Sauberkeit mit Vertrauen und Sorgfalt.","publisher":{"@id":"https:\/\/basreinigung.at\/#organization"},"potentialAction":[{"@type":"SearchAction","target":{"@type":"EntryPoint","urlTemplate":"https:\/\/basreinigung.at\/?s={search_term_string}"},"query-input":{"@type":"PropertyValueSpecification","valueRequired":true,"valueName":"search_term_string"}}],"inLanguage":"en-US"},{"@type":"Organization","@id":"https:\/\/basreinigung.at\/#organization","name":"basreinigung.at","url":"https:\/\/basreinigung.at\/","logo":{"@type":"ImageObject","inLanguage":"en-US","@id":"https:\/\/basreinigung.at\/#\/schema\/logo\/image\/","url":"https:\/\/basreinigung.at\/wp-content\/uploads\/2025\/12\/Untitled-1-scaled.png","contentUrl":"https:\/\/basreinigung.at\/wp-content\/uploads\/2025\/12\/Untitled-1-scaled.png","width":2560,"height":1421,"caption":"basreinigung.at"},"image":{"@id":"https:\/\/basreinigung.at\/#\/schema\/logo\/image\/"}}]}},"_links":{"self":[{"href":"https:\/\/basreinigung.at\/index.php?rest_route=\/wp\/v2\/pages\/2496","targetHints":{"allow":["GET"]}}],"collection":[{"href":"https:\/\/basreinigung.at\/index.php?rest_route=\/wp\/v2\/pages"}],"about":[{"href":"https:\/\/basreinigung.at\/index.php?rest_route=\/wp\/v2\/types\/page"}],"author":[{"embeddable":true,"href":"https:\/\/basreinigung.at\/index.php?rest_route=\/wp\/v2\/users\/1"}],"replies":[{"embeddable":true,"href":"https:\/\/basreinigung.at\/index.php?rest_route=%2Fwp%2Fv2%2Fcomments&post=2496"}],"version-history":[{"count":4,"href":"https:\/\/basreinigung.at\/index.php?rest_route=\/wp\/v2\/pages\/2496\/revisions"}],"predecessor-version":[{"id":2500,"href":"https:\/\/basreinigung.at\/index.php?rest_route=\/wp\/v2\/pages\/2496\/revisions\/2500"}],"up":[{"embeddable":true,"href":"https:\/\/basreinigung.at\/index.php?rest_route=\/wp\/v2\/pages\/2377"}],"wp:attachment":[{"href":"https:\/\/basreinigung.at\/index.php?rest_route=%2Fwp%2Fv2%2Fmedia&parent=2496"}],"curies":[{"name":"wp","href":"https:\/\/api.w.org\/{rel}","templated":true}]}}