{"id":2508,"date":"2025-12-15T04:41:37","date_gmt":"2025-12-15T04:41:37","guid":{"rendered":"https:\/\/basreinigung.at\/?page_id=2508"},"modified":"2026-03-03T19:01:46","modified_gmt":"2026-03-03T19:01:46","slug":"nachhaltigereinigung","status":"publish","type":"page","link":"https:\/\/basreinigung.at\/?page_id=2508","title":{"rendered":"NachhaltigeReinigung"},"content":{"rendered":"\t\t<div data-elementor-type=\"wp-page\" data-elementor-id=\"2508\" class=\"elementor elementor-2508\">\n\t\t\t\t<div class=\"elementor-element elementor-element-0f6e643 e-flex e-con-boxed e-con e-parent\" data-id=\"0f6e643\" data-element_type=\"container\" data-e-type=\"container\">\n\t\t\t\t\t<div class=\"e-con-inner\">\n\t\t<div class=\"elementor-element elementor-element-e04c6ef e-con-full e-flex e-con e-child\" data-id=\"e04c6ef\" data-element_type=\"container\" data-e-type=\"container\">\n\t\t<div class=\"elementor-element elementor-element-00d5719 e-con-full e-flex e-con e-child\" data-id=\"00d5719\" data-element_type=\"container\" data-e-type=\"container\" data-settings=\"{&quot;background_background&quot;:&quot;classic&quot;}\">\n\t\t\t\t<\/div>\n\t\t<div class=\"elementor-element elementor-element-14ef49e e-con-full e-flex e-con e-child\" data-id=\"14ef49e\" data-element_type=\"container\" data-e-type=\"container\" data-settings=\"{&quot;background_background&quot;:&quot;classic&quot;}\">\n\t\t\t\t<div class=\"elementor-element elementor-element-e44164b elementor-widget elementor-widget-heading\" data-id=\"e44164b\" data-element_type=\"widget\" data-e-type=\"widget\" data-widget_type=\"heading.default\">\n\t\t\t\t\t<h2 class=\"elementor-heading-title elementor-size-default\">Nachhaltige \nReinigung<\/h2>\t\t\t\t<\/div>\n\t\t\t\t<\/div>\n\t\t\t\t<\/div>\n\t\t<div class=\"elementor-element elementor-element-3ac69e3 e-con-full e-flex e-con e-child\" data-id=\"3ac69e3\" data-element_type=\"container\" data-e-type=\"container\">\n\t\t\t\t<div class=\"elementor-element elementor-element-805c071 elementor-widget elementor-widget-heading\" data-id=\"805c071\" data-element_type=\"widget\" data-e-type=\"widget\" data-widget_type=\"heading.default\">\n\t\t\t\t\t<h2 class=\"elementor-heading-title elementor-size-default\">Einzelleistungen<\/h2>\t\t\t\t<\/div>\n\t\t\t\t<div class=\"elementor-element elementor-element-0673937 elementor-widget elementor-widget-text-editor\" data-id=\"0673937\" data-element_type=\"widget\" data-e-type=\"widget\" data-widget_type=\"text-editor.default\">\n\t\t\t\t\t\t\t\t\t<p>lle im Rahmen dieses Services angebotenen Einzelleistungen finden Sie unten.<\/p>\t\t\t\t\t\t\t\t<\/div>\n\t\t<div class=\"elementor-element elementor-element-e845ecd e-con-full e-flex e-con e-child\" data-id=\"e845ecd\" data-element_type=\"container\" data-e-type=\"container\">\n\t\t<div class=\"elementor-element elementor-element-a8ffb88 e-con-full e-flex e-con e-child\" data-id=\"a8ffb88\" data-element_type=\"container\" data-e-type=\"container\" data-settings=\"{&quot;background_background&quot;:&quot;classic&quot;}\">\n\t\t<div class=\"elementor-element elementor-element-c1f7810 e-con-full e-flex e-con e-child\" data-id=\"c1f7810\" data-element_type=\"container\" data-e-type=\"container\" data-settings=\"{&quot;background_background&quot;:&quot;classic&quot;}\">\n\t\t\t\t<\/div>\n\t\t<div class=\"elementor-element elementor-element-1c4a76e e-con-full e-flex e-con e-child\" data-id=\"1c4a76e\" data-element_type=\"container\" data-e-type=\"container\">\n\t\t\t\t<div class=\"elementor-element elementor-element-6941556 elementor-widget elementor-widget-heading\" data-id=\"6941556\" data-element_type=\"widget\" data-e-type=\"widget\" data-widget_type=\"heading.default\">\n\t\t\t\t\t<h2 class=\"elementor-heading-title elementor-size-default\">Umweltfreundliche Produkte<\/h2>\t\t\t\t<\/div>\n\t\t\t\t<div class=\"elementor-element elementor-element-fd15031 elementor-widget elementor-widget-text-editor\" data-id=\"fd15031\" data-element_type=\"widget\" data-e-type=\"widget\" data-widget_type=\"text-editor.default\">\n\t\t\t\t\t\t\t\t\t<p>Wir verwenden nat\u00fcrliche, biologisch abbaubare und chemiearme Produkte.<\/p>\t\t\t\t\t\t\t\t<\/div>\n\t\t\t\t<\/div>\n\t\t\t\t<div class=\"elementor-element elementor-element-2899717 elementor-widget-divider--view-line elementor-widget elementor-widget-divider\" data-id=\"2899717\" data-element_type=\"widget\" data-e-type=\"widget\" data-widget_type=\"divider.default\">\n\t\t\t\t\t\t\t<div class=\"elementor-divider\">\n\t\t\t<span class=\"elementor-divider-separator\">\n\t\t\t\t\t\t<\/span>\n\t\t<\/div>\n\t\t\t\t\t\t<\/div>\n\t\t\t\t<\/div>\n\t\t<div class=\"elementor-element elementor-element-ad8b28f e-con-full e-flex e-con e-child\" data-id=\"ad8b28f\" data-element_type=\"container\" data-e-type=\"container\" data-settings=\"{&quot;background_background&quot;:&quot;classic&quot;}\">\n\t\t<div class=\"elementor-element elementor-element-40d8e98 e-con-full e-flex e-con e-child\" data-id=\"40d8e98\" data-element_type=\"container\" data-e-type=\"container\" data-settings=\"{&quot;background_background&quot;:&quot;classic&quot;}\">\n\t\t\t\t<\/div>\n\t\t<div class=\"elementor-element elementor-element-a0ec589 e-con-full e-flex e-con e-child\" data-id=\"a0ec589\" data-element_type=\"container\" data-e-type=\"container\">\n\t\t\t\t<div class=\"elementor-element elementor-element-525f9f6 elementor-widget elementor-widget-heading\" data-id=\"525f9f6\" data-element_type=\"widget\" data-e-type=\"widget\" data-widget_type=\"heading.default\">\n\t\t\t\t\t<h2 class=\"elementor-heading-title elementor-size-default\">Energieeffiziente Methoden<\/h2>\t\t\t\t<\/div>\n\t\t\t\t<div class=\"elementor-element elementor-element-8e02d0f elementor-widget elementor-widget-text-editor\" data-id=\"8e02d0f\" data-element_type=\"widget\" data-e-type=\"widget\" data-widget_type=\"text-editor.default\">\n\t\t\t\t\t\t\t\t\t<p>Unsere Ger\u00e4te arbeiten energieeffizient bei h\u00f6chster Leistung.<\/p>\t\t\t\t\t\t\t\t<\/div>\n\t\t\t\t<\/div>\n\t\t\t\t<div class=\"elementor-element elementor-element-09e8afa elementor-widget-divider--view-line elementor-widget elementor-widget-divider\" data-id=\"09e8afa\" data-element_type=\"widget\" data-e-type=\"widget\" data-widget_type=\"divider.default\">\n\t\t\t\t\t\t\t<div class=\"elementor-divider\">\n\t\t\t<span class=\"elementor-divider-separator\">\n\t\t\t\t\t\t<\/span>\n\t\t<\/div>\n\t\t\t\t\t\t<\/div>\n\t\t\t\t<\/div>\n\t\t<div class=\"elementor-element elementor-element-ba7b607 e-con-full e-flex e-con e-child\" data-id=\"ba7b607\" data-element_type=\"container\" data-e-type=\"container\" data-settings=\"{&quot;background_background&quot;:&quot;classic&quot;}\">\n\t\t<div class=\"elementor-element elementor-element-3ee3651 e-con-full e-flex e-con e-child\" data-id=\"3ee3651\" data-element_type=\"container\" data-e-type=\"container\" data-settings=\"{&quot;background_background&quot;:&quot;classic&quot;}\">\n\t\t\t\t<\/div>\n\t\t<div class=\"elementor-element elementor-element-f6c1cce e-con-full e-flex e-con e-child\" data-id=\"f6c1cce\" data-element_type=\"container\" data-e-type=\"container\">\n\t\t\t\t<div class=\"elementor-element elementor-element-ca2df80 elementor-widget elementor-widget-heading\" data-id=\"ca2df80\" data-element_type=\"widget\" data-e-type=\"widget\" data-widget_type=\"heading.default\">\n\t\t\t\t\t<h2 class=\"elementor-heading-title elementor-size-default\">Umweltfreundliche Prozesse<\/h2>\t\t\t\t<\/div>\n\t\t\t\t<div class=\"elementor-element elementor-element-60e6c2b elementor-widget elementor-widget-text-editor\" data-id=\"60e6c2b\" data-element_type=\"widget\" data-e-type=\"widget\" data-widget_type=\"text-editor.default\">\n\t\t\t\t\t\t\t\t\t<p>Wir setzen sichere Reinigungsverfahren ein, die der Gesundheit nicht schaden.<\/p>\t\t\t\t\t\t\t\t<\/div>\n\t\t\t\t<\/div>\n\t\t\t\t<div class=\"elementor-element elementor-element-b46bda3 elementor-widget-divider--view-line elementor-widget elementor-widget-divider\" data-id=\"b46bda3\" data-element_type=\"widget\" data-e-type=\"widget\" data-widget_type=\"divider.default\">\n\t\t\t\t\t\t\t<div class=\"elementor-divider\">\n\t\t\t<span class=\"elementor-divider-separator\">\n\t\t\t\t\t\t<\/span>\n\t\t<\/div>\n\t\t\t\t\t\t<\/div>\n\t\t\t\t<\/div>\n\t\t\t\t<\/div>\n\t\t\t\t<\/div>\n\t\t\t\t\t<\/div>\n\t\t\t\t<\/div>\n\t\t\t\t<\/div>\n\t\t","protected":false},"excerpt":{"rendered":"<p>Nachhaltige Reinigung Einzelleistungen lle im Rahmen dieses Services angebotenen Einzelleistungen finden Sie unten. Umweltfreundliche Produkte Wir verwenden nat\u00fcrliche, biologisch abbaubare und chemiearme Produkte. Energieeffiziente Methoden Unsere Ger\u00e4te arbeiten energieeffizient bei h\u00f6chster Leistung. Umweltfreundliche Prozesse Wir setzen sichere Reinigungsverfahren ein, die der Gesundheit nicht schaden.<\/p>\n","protected":false},"author":1,"featured_media":0,"parent":2377,"menu_order":0,"comment_status":"closed","ping_status":"closed","template":"elementor_header_footer","meta":{"footnotes":""},"class_list":["post-2508","page","type-page","status-publish","hentry"],"yoast_head":"<!-- This site is optimized with the Yoast SEO plugin v27.4 - https:\/\/yoast.com\/product\/yoast-seo-wordpress\/ -->\n<title>Nachhaltige Reinigung Graz | Umweltfreundlich &amp; Sauber<\/title>\n<meta name=\"description\" content=\"Sauberkeit mit gutem Gewissen. Bas Deep Clean setzt auf nachhaltige Reinigungsmittel und umweltfreundliche Verfahren in Graz.\" \/>\n<meta name=\"robots\" content=\"index, follow, max-snippet:-1, max-image-preview:large, max-video-preview:-1\" \/>\n<link rel=\"canonical\" href=\"https:\/\/basreinigung.at\/?page_id=2508\" \/>\n<meta property=\"og:locale\" content=\"en_US\" \/>\n<meta property=\"og:type\" content=\"article\" \/>\n<meta property=\"og:title\" content=\"Nachhaltige Reinigung Graz | Umweltfreundlich &amp; Sauber\" \/>\n<meta property=\"og:description\" content=\"Sauberkeit mit gutem Gewissen. Bas Deep Clean setzt auf nachhaltige Reinigungsmittel und umweltfreundliche Verfahren in Graz.\" \/>\n<meta property=\"og:url\" content=\"https:\/\/basreinigung.at\/?page_id=2508\" \/>\n<meta property=\"og:site_name\" content=\"basreinigung.at\" \/>\n<meta property=\"article:modified_time\" content=\"2026-03-03T19:01:46+00:00\" \/>\n<meta name=\"twitter:card\" content=\"summary_large_image\" \/>\n<meta name=\"twitter:label1\" content=\"Est. reading time\" \/>\n\t<meta name=\"twitter:data1\" content=\"1 minute\" \/>\n<script type=\"application\/ld+json\" class=\"yoast-schema-graph\">{\"@context\":\"https:\\\/\\\/schema.org\",\"@graph\":[{\"@type\":\"WebPage\",\"@id\":\"https:\\\/\\\/basreinigung.at\\\/?page_id=2508\",\"url\":\"https:\\\/\\\/basreinigung.at\\\/?page_id=2508\",\"name\":\"Nachhaltige Reinigung Graz | Umweltfreundlich & Sauber\",\"isPartOf\":{\"@id\":\"https:\\\/\\\/basreinigung.at\\\/#website\"},\"datePublished\":\"2025-12-15T04:41:37+00:00\",\"dateModified\":\"2026-03-03T19:01:46+00:00\",\"description\":\"Sauberkeit mit gutem Gewissen. Bas Deep Clean setzt auf nachhaltige Reinigungsmittel und umweltfreundliche Verfahren in Graz.\",\"breadcrumb\":{\"@id\":\"https:\\\/\\\/basreinigung.at\\\/?page_id=2508#breadcrumb\"},\"inLanguage\":\"en-US\",\"potentialAction\":[{\"@type\":\"ReadAction\",\"target\":[\"https:\\\/\\\/basreinigung.at\\\/?page_id=2508\"]}]},{\"@type\":\"BreadcrumbList\",\"@id\":\"https:\\\/\\\/basreinigung.at\\\/?page_id=2508#breadcrumb\",\"itemListElement\":[{\"@type\":\"ListItem\",\"position\":1,\"name\":\"Home\",\"item\":\"https:\\\/\\\/basreinigung.at\\\/\"},{\"@type\":\"ListItem\",\"position\":2,\"name\":\"Unsere Leistungen\",\"item\":\"https:\\\/\\\/basreinigung.at\\\/?page_id=2377\"},{\"@type\":\"ListItem\",\"position\":3,\"name\":\"NachhaltigeReinigung\"}]},{\"@type\":\"WebSite\",\"@id\":\"https:\\\/\\\/basreinigung.at\\\/#website\",\"url\":\"https:\\\/\\\/basreinigung.at\\\/\",\"name\":\"basreinigung.at\",\"description\":\"Sauberkeit mit Vertrauen und Sorgfalt.\",\"publisher\":{\"@id\":\"https:\\\/\\\/basreinigung.at\\\/#organization\"},\"potentialAction\":[{\"@type\":\"SearchAction\",\"target\":{\"@type\":\"EntryPoint\",\"urlTemplate\":\"https:\\\/\\\/basreinigung.at\\\/?s={search_term_string}\"},\"query-input\":{\"@type\":\"PropertyValueSpecification\",\"valueRequired\":true,\"valueName\":\"search_term_string\"}}],\"inLanguage\":\"en-US\"},{\"@type\":\"Organization\",\"@id\":\"https:\\\/\\\/basreinigung.at\\\/#organization\",\"name\":\"basreinigung.at\",\"url\":\"https:\\\/\\\/basreinigung.at\\\/\",\"logo\":{\"@type\":\"ImageObject\",\"inLanguage\":\"en-US\",\"@id\":\"https:\\\/\\\/basreinigung.at\\\/#\\\/schema\\\/logo\\\/image\\\/\",\"url\":\"https:\\\/\\\/basreinigung.at\\\/wp-content\\\/uploads\\\/2025\\\/12\\\/Untitled-1-scaled.png\",\"contentUrl\":\"https:\\\/\\\/basreinigung.at\\\/wp-content\\\/uploads\\\/2025\\\/12\\\/Untitled-1-scaled.png\",\"width\":2560,\"height\":1421,\"caption\":\"basreinigung.at\"},\"image\":{\"@id\":\"https:\\\/\\\/basreinigung.at\\\/#\\\/schema\\\/logo\\\/image\\\/\"}}]}<\/script>\n<!-- \/ Yoast SEO plugin. -->","yoast_head_json":{"title":"Nachhaltige Reinigung Graz | Umweltfreundlich & Sauber","description":"Sauberkeit mit gutem Gewissen. Bas Deep Clean setzt auf nachhaltige Reinigungsmittel und umweltfreundliche Verfahren in Graz.","robots":{"index":"index","follow":"follow","max-snippet":"max-snippet:-1","max-image-preview":"max-image-preview:large","max-video-preview":"max-video-preview:-1"},"canonical":"https:\/\/basreinigung.at\/?page_id=2508","og_locale":"en_US","og_type":"article","og_title":"Nachhaltige Reinigung Graz | Umweltfreundlich & Sauber","og_description":"Sauberkeit mit gutem Gewissen. Bas Deep Clean setzt auf nachhaltige Reinigungsmittel und umweltfreundliche Verfahren in Graz.","og_url":"https:\/\/basreinigung.at\/?page_id=2508","og_site_name":"basreinigung.at","article_modified_time":"2026-03-03T19:01:46+00:00","twitter_card":"summary_large_image","twitter_misc":{"Est. reading time":"1 minute"},"schema":{"@context":"https:\/\/schema.org","@graph":[{"@type":"WebPage","@id":"https:\/\/basreinigung.at\/?page_id=2508","url":"https:\/\/basreinigung.at\/?page_id=2508","name":"Nachhaltige Reinigung Graz | Umweltfreundlich & Sauber","isPartOf":{"@id":"https:\/\/basreinigung.at\/#website"},"datePublished":"2025-12-15T04:41:37+00:00","dateModified":"2026-03-03T19:01:46+00:00","description":"Sauberkeit mit gutem Gewissen. Bas Deep Clean setzt auf nachhaltige Reinigungsmittel und umweltfreundliche Verfahren in Graz.","breadcrumb":{"@id":"https:\/\/basreinigung.at\/?page_id=2508#breadcrumb"},"inLanguage":"en-US","potentialAction":[{"@type":"ReadAction","target":["https:\/\/basreinigung.at\/?page_id=2508"]}]},{"@type":"BreadcrumbList","@id":"https:\/\/basreinigung.at\/?page_id=2508#breadcrumb","itemListElement":[{"@type":"ListItem","position":1,"name":"Home","item":"https:\/\/basreinigung.at\/"},{"@type":"ListItem","position":2,"name":"Unsere Leistungen","item":"https:\/\/basreinigung.at\/?page_id=2377"},{"@type":"ListItem","position":3,"name":"NachhaltigeReinigung"}]},{"@type":"WebSite","@id":"https:\/\/basreinigung.at\/#website","url":"https:\/\/basreinigung.at\/","name":"basreinigung.at","description":"Sauberkeit mit Vertrauen und Sorgfalt.","publisher":{"@id":"https:\/\/basreinigung.at\/#organization"},"potentialAction":[{"@type":"SearchAction","target":{"@type":"EntryPoint","urlTemplate":"https:\/\/basreinigung.at\/?s={search_term_string}"},"query-input":{"@type":"PropertyValueSpecification","valueRequired":true,"valueName":"search_term_string"}}],"inLanguage":"en-US"},{"@type":"Organization","@id":"https:\/\/basreinigung.at\/#organization","name":"basreinigung.at","url":"https:\/\/basreinigung.at\/","logo":{"@type":"ImageObject","inLanguage":"en-US","@id":"https:\/\/basreinigung.at\/#\/schema\/logo\/image\/","url":"https:\/\/basreinigung.at\/wp-content\/uploads\/2025\/12\/Untitled-1-scaled.png","contentUrl":"https:\/\/basreinigung.at\/wp-content\/uploads\/2025\/12\/Untitled-1-scaled.png","width":2560,"height":1421,"caption":"basreinigung.at"},"image":{"@id":"https:\/\/basreinigung.at\/#\/schema\/logo\/image\/"}}]}},"_links":{"self":[{"href":"https:\/\/basreinigung.at\/index.php?rest_route=\/wp\/v2\/pages\/2508","targetHints":{"allow":["GET"]}}],"collection":[{"href":"https:\/\/basreinigung.at\/index.php?rest_route=\/wp\/v2\/pages"}],"about":[{"href":"https:\/\/basreinigung.at\/index.php?rest_route=\/wp\/v2\/types\/page"}],"author":[{"embeddable":true,"href":"https:\/\/basreinigung.at\/index.php?rest_route=\/wp\/v2\/users\/1"}],"replies":[{"embeddable":true,"href":"https:\/\/basreinigung.at\/index.php?rest_route=%2Fwp%2Fv2%2Fcomments&post=2508"}],"version-history":[{"count":4,"href":"https:\/\/basreinigung.at\/index.php?rest_route=\/wp\/v2\/pages\/2508\/revisions"}],"predecessor-version":[{"id":2513,"href":"https:\/\/basreinigung.at\/index.php?rest_route=\/wp\/v2\/pages\/2508\/revisions\/2513"}],"up":[{"embeddable":true,"href":"https:\/\/basreinigung.at\/index.php?rest_route=\/wp\/v2\/pages\/2377"}],"wp:attachment":[{"href":"https:\/\/basreinigung.at\/index.php?rest_route=%2Fwp%2Fv2%2Fmedia&parent=2508"}],"curies":[{"name":"wp","href":"https:\/\/api.w.org\/{rel}","templated":true}]}}